{"id":6305,"date":"2025-09-03T09:59:03","date_gmt":"2025-09-03T09:59:03","guid":{"rendered":"https:\/\/www.nanox.vision\/publications-de-recherche-adopt\/"},"modified":"2026-01-28T10:43:14","modified_gmt":"2026-01-28T10:43:14","slug":"publications-de-recherche-adopt","status":"publish","type":"page","link":"https:\/\/www.nanox.vision\/fr\/publications-de-recherche-adopt\/","title":{"rendered":"Publications de recherche ADOPT"},"content":{"rendered":"<h2 style=\"text-align: left; line-height: 1.5;\">L\u2019\u00e9tude ADOPT (AI-enabled Detection of Osteoporosis for Treatment), financ\u00e9e par le NIHR et le NHS England, s\u2019appuie sur un parcours clinique FLS assist\u00e9 par l\u2019IA, d\u00e9ploy\u00e9 dans plusieurs \u00e9tablissements du NHS. Elle a pour objectif de d\u00e9crire les \u00e9l\u00e9ments suivants :<\/h2>\n<ul>\n<li style=\"text-align: left;\">\n<div role=\"presentation\">les performances de la plateforme d\u2019identification des fractures vert\u00e9brales assist\u00e9e par l\u2019IA, compar\u00e9es aux comptes rendus de radiologie du NHS et aux interpr\u00e9tations locales.<\/div>\n<\/li>\n<li style=\"text-align: left;\">\n<div role=\"presentation\">le d\u00e9ploiement d\u2019un logiciel d\u2019IA dans les h\u00f4pitaux du NHS afin de d\u00e9velopper une bo\u00eete \u00e0 outils d\u2019accompagnement.<\/div>\n<\/li>\n<li style=\"text-align: left;\">\n<div role=\"presentation\">comment le parcours IA-FLS am\u00e9liore les indicateurs cl\u00e9s de performance en mati\u00e8re d\u2019identification des patients, d\u2019\u00e9valuation clinique, de recommandations th\u00e9rapeutiques et d\u2019observance au traitement.<\/div>\n<\/li>\n<li>\n<div style=\"text-align: left;\" role=\"presentation\">l\u2019\u00e9valuation de l\u2019efficacit\u00e9 clinique et le rapport co\u00fbt-efficacit\u00e9 du parcours IA-FLS.<\/div>\n<\/li>\n<\/ul>\n<p style=\"text-align: left;\">Men\u00e9e par <a href=\"https:\/\/www.ndorms.ox.ac.uk\/team\/kassim-javaid\" target=\"_blank\" rel=\"noopener noreferrer\" data-stringify-link=\"https:\/\/www.ndorms.ox.ac.uk\/team\/kassim-javaid\" data-sk=\"tooltip_parent\">Kassim Javaid<\/a>, Professeur d\u2019ost\u00e9oporose et de maladies osseuses rares de l\u2019adulte<\/p>\n","protected":false},"excerpt":{"rendered":"<p>L\u2019\u00e9tude ADOPT (AI-enabled Detection of Osteoporosis for Treatment), financ\u00e9e par le NIHR et le NHS England, s\u2019appuie sur un parcours clinique FLS assist\u00e9 par l\u2019IA, d\u00e9ploy\u00e9 dans plusieurs \u00e9tablissements du NHS. Elle a pour objectif de d\u00e9crire les \u00e9l\u00e9ments suivants : les performances de la plateforme d\u2019identification des fractures vert\u00e9brales assist\u00e9e par l\u2019IA, compar\u00e9es aux &hellip; <\/p>\n<p class=\"link-more\"><a href=\"https:\/\/www.nanox.vision\/fr\/publications-de-recherche-adopt\/\" class=\"more-link\">Continue reading<span class=\"screen-reader-text\"> \u00ab\u00a0Publications de recherche ADOPT\u00a0\u00bb<\/span><\/a><\/p>\n","protected":false},"author":1,"featured_media":3726,"parent":0,"menu_order":6,"comment_status":"closed","ping_status":"closed","template":"page-landing20259.php","meta":{"_acf_changed":false,"footnotes":""},"class_list":["post-6305","page","type-page","status-publish","has-post-thumbnail","hentry"],"acf":[],"yoast_head":"<!-- This site is optimized with the Yoast SEO plugin v27.3 - https:\/\/yoast.com\/product\/yoast-seo-wordpress\/ -->\n<title>Publications de recherche ADOPT - Nanox<\/title>\n<meta name=\"robots\" content=\"index, follow, max-snippet:-1, max-image-preview:large, max-video-preview:-1\" \/>\n<link rel=\"canonical\" href=\"https:\/\/www.nanox.vision\/fr\/publications-de-recherche-adopt\/\" \/>\n<meta property=\"og:locale\" content=\"fr_FR\" \/>\n<meta property=\"og:type\" content=\"article\" \/>\n<meta property=\"og:title\" content=\"Publications de recherche ADOPT - Nanox\" \/>\n<meta property=\"og:description\" content=\"L\u2019\u00e9tude ADOPT (AI-enabled Detection of Osteoporosis for Treatment), financ\u00e9e par le NIHR et le NHS England, s\u2019appuie sur un parcours clinique FLS assist\u00e9 par l\u2019IA, d\u00e9ploy\u00e9 dans plusieurs \u00e9tablissements du NHS. Elle a pour objectif de d\u00e9crire les \u00e9l\u00e9ments suivants : les performances de la plateforme d\u2019identification des fractures vert\u00e9brales assist\u00e9e par l\u2019IA, compar\u00e9es aux &hellip; Continue reading &quot;Publications de recherche ADOPT&quot;\" \/>\n<meta property=\"og:url\" content=\"https:\/\/www.nanox.vision\/fr\/publications-de-recherche-adopt\/\" \/>\n<meta property=\"og:site_name\" content=\"Nanox\" \/>\n<meta property=\"article:publisher\" content=\"https:\/\/www.facebook.com\/NanoxVision\/\" \/>\n<meta property=\"article:modified_time\" content=\"2026-01-28T10:43:14+00:00\" \/>\n<meta name=\"twitter:card\" content=\"summary_large_image\" \/>\n<meta name=\"twitter:site\" content=\"@nanox_vision\" \/>\n<meta name=\"twitter:label1\" content=\"Dur\u00e9e de lecture estim\u00e9e\" \/>\n\t<meta name=\"twitter:data1\" content=\"1 minute\" \/>\n<!-- \/ Yoast SEO plugin. -->","yoast_head_json":{"title":"Publications de recherche ADOPT - Nanox","robots":{"index":"index","follow":"follow","max-snippet":"max-snippet:-1","max-image-preview":"max-image-preview:large","max-video-preview":"max-video-preview:-1"},"canonical":"https:\/\/www.nanox.vision\/fr\/publications-de-recherche-adopt\/","og_locale":"fr_FR","og_type":"article","og_title":"Publications de recherche ADOPT - Nanox","og_description":"L\u2019\u00e9tude ADOPT (AI-enabled Detection of Osteoporosis for Treatment), financ\u00e9e par le NIHR et le NHS England, s\u2019appuie sur un parcours clinique FLS assist\u00e9 par l\u2019IA, d\u00e9ploy\u00e9 dans plusieurs \u00e9tablissements du NHS. Elle a pour objectif de d\u00e9crire les \u00e9l\u00e9ments suivants : les performances de la plateforme d\u2019identification des fractures vert\u00e9brales assist\u00e9e par l\u2019IA, compar\u00e9es aux &hellip; Continue reading \"Publications de recherche ADOPT\"","og_url":"https:\/\/www.nanox.vision\/fr\/publications-de-recherche-adopt\/","og_site_name":"Nanox","article_publisher":"https:\/\/www.facebook.com\/NanoxVision\/","article_modified_time":"2026-01-28T10:43:14+00:00","twitter_card":"summary_large_image","twitter_site":"@nanox_vision","twitter_misc":{"Dur\u00e9e de lecture estim\u00e9e":"1 minute"},"schema":{"@context":"https:\/\/schema.org","@graph":[{"@type":"WebPage","@id":"https:\/\/www.nanox.vision\/fr\/publications-de-recherche-adopt\/","url":"https:\/\/www.nanox.vision\/fr\/publications-de-recherche-adopt\/","name":"Publications de recherche ADOPT - Nanox","isPartOf":{"@id":"https:\/\/www.nanox.vision\/fr\/#website"},"primaryImageOfPage":{"@id":"https:\/\/www.nanox.vision\/fr\/publications-de-recherche-adopt\/#primaryimage"},"image":{"@id":"https:\/\/www.nanox.vision\/fr\/publications-de-recherche-adopt\/#primaryimage"},"thumbnailUrl":"https:\/\/www.nanox.vision\/wp-content\/uploads\/2024\/11\/plazma-BONE.svg","datePublished":"2025-09-03T09:59:03+00:00","dateModified":"2026-01-28T10:43:14+00:00","breadcrumb":{"@id":"https:\/\/www.nanox.vision\/fr\/publications-de-recherche-adopt\/#breadcrumb"},"inLanguage":"fr-FR","potentialAction":[{"@type":"ReadAction","target":["https:\/\/www.nanox.vision\/fr\/publications-de-recherche-adopt\/"]}]},{"@type":"ImageObject","inLanguage":"fr-FR","@id":"https:\/\/www.nanox.vision\/fr\/publications-de-recherche-adopt\/#primaryimage","url":"https:\/\/www.nanox.vision\/wp-content\/uploads\/2024\/11\/plazma-BONE.svg","contentUrl":"https:\/\/www.nanox.vision\/wp-content\/uploads\/2024\/11\/plazma-BONE.svg"},{"@type":"BreadcrumbList","@id":"https:\/\/www.nanox.vision\/fr\/publications-de-recherche-adopt\/#breadcrumb","itemListElement":[{"@type":"ListItem","position":1,"name":"Home","item":"https:\/\/www.nanox.vision\/fr\/"},{"@type":"ListItem","position":2,"name":"Publications de recherche ADOPT"}]},{"@type":"WebSite","@id":"https:\/\/www.nanox.vision\/fr\/#website","url":"https:\/\/www.nanox.vision\/fr\/","name":"Nanox","description":"","publisher":{"@id":"https:\/\/www.nanox.vision\/fr\/#organization"},"potentialAction":[{"@type":"SearchAction","target":{"@type":"EntryPoint","urlTemplate":"https:\/\/www.nanox.vision\/fr\/?s={search_term_string}"},"query-input":{"@type":"PropertyValueSpecification","valueRequired":true,"valueName":"search_term_string"}}],"inLanguage":"fr-FR"},{"@type":"Organization","@id":"https:\/\/www.nanox.vision\/fr\/#organization","name":"Nanox","url":"https:\/\/www.nanox.vision\/fr\/","logo":{"@type":"ImageObject","inLanguage":"fr-FR","@id":"https:\/\/www.nanox.vision\/fr\/#\/schema\/logo\/image\/","url":"https:\/\/www.nanox.vision\/wp-content\/uploads\/2024\/10\/nanox-logo.png","contentUrl":"https:\/\/www.nanox.vision\/wp-content\/uploads\/2024\/10\/nanox-logo.png","width":153,"height":141,"caption":"Nanox"},"image":{"@id":"https:\/\/www.nanox.vision\/fr\/#\/schema\/logo\/image\/"},"sameAs":["https:\/\/www.facebook.com\/NanoxVision\/","https:\/\/x.com\/nanox_vision"]}]}},"_links":{"self":[{"href":"https:\/\/www.nanox.vision\/fr\/wp-json\/wp\/v2\/pages\/6305","targetHints":{"allow":["GET"]}}],"collection":[{"href":"https:\/\/www.nanox.vision\/fr\/wp-json\/wp\/v2\/pages"}],"about":[{"href":"https:\/\/www.nanox.vision\/fr\/wp-json\/wp\/v2\/types\/page"}],"author":[{"embeddable":true,"href":"https:\/\/www.nanox.vision\/fr\/wp-json\/wp\/v2\/users\/1"}],"replies":[{"embeddable":true,"href":"https:\/\/www.nanox.vision\/fr\/wp-json\/wp\/v2\/comments?post=6305"}],"version-history":[{"count":1,"href":"https:\/\/www.nanox.vision\/fr\/wp-json\/wp\/v2\/pages\/6305\/revisions"}],"predecessor-version":[{"id":6367,"href":"https:\/\/www.nanox.vision\/fr\/wp-json\/wp\/v2\/pages\/6305\/revisions\/6367"}],"wp:featuredmedia":[{"embeddable":true,"href":"https:\/\/www.nanox.vision\/fr\/wp-json\/wp\/v2\/media\/3726"}],"wp:attachment":[{"href":"https:\/\/www.nanox.vision\/fr\/wp-json\/wp\/v2\/media?parent=6305"}],"curies":[{"name":"wp","href":"https:\/\/api.w.org\/{rel}","templated":true}]}}