{"id":5119,"date":"2024-09-22T18:13:44","date_gmt":"2024-09-22T18:13:44","guid":{"rendered":"https:\/\/www.nanox.vision\/nanox-ai\/"},"modified":"2026-01-28T12:29:59","modified_gmt":"2026-01-28T12:29:59","slug":"nanox-ai","status":"publish","type":"page","link":"https:\/\/www.nanox.vision\/fr\/nanox-ai\/","title":{"rendered":"Nanox.AI"},"content":{"rendered":"","protected":false},"excerpt":{"rendered":"","protected":false},"author":1,"featured_media":3516,"parent":0,"menu_order":41,"comment_status":"closed","ping_status":"closed","template":"page-ai.php","meta":{"_acf_changed":false,"footnotes":""},"class_list":["post-5119","page","type-page","status-publish","has-post-thumbnail","hentry"],"acf":[],"yoast_head":"<!-- This site is optimized with the Yoast SEO plugin v27.5 - https:\/\/yoast.com\/product\/yoast-seo-wordpress\/ -->\n<title>Nanox.AI - Nanox<\/title>\n<meta name=\"description\" content=\"Les solutions de Nanox AI sont d\u00e9velopp\u00e9es pour cibler les maladies chroniques et aigu\u00ebs tr\u00e8s r\u00e9pandues affectant de larges populations \u00e0 travers le monde. En s\u2019appuyant sur la technologie de l\u2019IA, Nanox AI aide les cliniciens \u00e0 extraire des informations cliniques pr\u00e9cieuses et exploitables de l\u2019imagerie m\u00e9dicale de routine qui, autrement, pourraient passer inaper\u00e7ues\" \/>\n<meta name=\"robots\" content=\"index, follow, max-snippet:-1, max-image-preview:large, max-video-preview:-1\" \/>\n<link rel=\"canonical\" href=\"https:\/\/www.nanox.vision\/fr\/nanox-ai\/\" \/>\n<meta property=\"og:locale\" content=\"fr_FR\" \/>\n<meta property=\"og:type\" content=\"article\" \/>\n<meta property=\"og:title\" content=\"Nanox.AI - Nanox\" \/>\n<meta property=\"og:description\" content=\"Les solutions de Nanox AI sont d\u00e9velopp\u00e9es pour cibler les maladies chroniques et aigu\u00ebs tr\u00e8s r\u00e9pandues affectant de larges populations \u00e0 travers le monde. En s\u2019appuyant sur la technologie de l\u2019IA, Nanox AI aide les cliniciens \u00e0 extraire des informations cliniques pr\u00e9cieuses et exploitables de l\u2019imagerie m\u00e9dicale de routine qui, autrement, pourraient passer inaper\u00e7ues\" \/>\n<meta property=\"og:url\" content=\"https:\/\/www.nanox.vision\/fr\/nanox-ai\/\" \/>\n<meta property=\"og:site_name\" content=\"Nanox\" \/>\n<meta property=\"article:publisher\" content=\"https:\/\/www.facebook.com\/NanoxVision\/\" \/>\n<meta property=\"article:modified_time\" content=\"2026-01-28T12:29:59+00:00\" \/>\n<meta property=\"og:image\" content=\"https:\/\/www.nanox.vision\/wp-content\/uploads\/2024\/11\/hero-ai-2.jpg\" \/>\n\t<meta property=\"og:image:width\" content=\"1116\" \/>\n\t<meta property=\"og:image:height\" content=\"480\" \/>\n\t<meta property=\"og:image:type\" content=\"image\/jpeg\" \/>\n<meta name=\"twitter:card\" content=\"summary_large_image\" \/>\n<meta name=\"twitter:site\" content=\"@nanox_vision\" \/>\n<!-- \/ Yoast SEO plugin. -->","yoast_head_json":{"title":"Nanox.AI - Nanox","description":"Les solutions de Nanox AI sont d\u00e9velopp\u00e9es pour cibler les maladies chroniques et aigu\u00ebs tr\u00e8s r\u00e9pandues affectant de larges populations \u00e0 travers le monde. En s\u2019appuyant sur la technologie de l\u2019IA, Nanox AI aide les cliniciens \u00e0 extraire des informations cliniques pr\u00e9cieuses et exploitables de l\u2019imagerie m\u00e9dicale de routine qui, autrement, pourraient passer inaper\u00e7ues","robots":{"index":"index","follow":"follow","max-snippet":"max-snippet:-1","max-image-preview":"max-image-preview:large","max-video-preview":"max-video-preview:-1"},"canonical":"https:\/\/www.nanox.vision\/fr\/nanox-ai\/","og_locale":"fr_FR","og_type":"article","og_title":"Nanox.AI - Nanox","og_description":"Les solutions de Nanox AI sont d\u00e9velopp\u00e9es pour cibler les maladies chroniques et aigu\u00ebs tr\u00e8s r\u00e9pandues affectant de larges populations \u00e0 travers le monde. En s\u2019appuyant sur la technologie de l\u2019IA, Nanox AI aide les cliniciens \u00e0 extraire des informations cliniques pr\u00e9cieuses et exploitables de l\u2019imagerie m\u00e9dicale de routine qui, autrement, pourraient passer inaper\u00e7ues","og_url":"https:\/\/www.nanox.vision\/fr\/nanox-ai\/","og_site_name":"Nanox","article_publisher":"https:\/\/www.facebook.com\/NanoxVision\/","article_modified_time":"2026-01-28T12:29:59+00:00","og_image":[{"width":1116,"height":480,"url":"https:\/\/www.nanox.vision\/wp-content\/uploads\/2024\/11\/hero-ai-2.jpg","type":"image\/jpeg"}],"twitter_card":"summary_large_image","twitter_site":"@nanox_vision","schema":{"@context":"https:\/\/schema.org","@graph":[{"@type":"WebPage","@id":"https:\/\/www.nanox.vision\/fr\/nanox-ai\/","url":"https:\/\/www.nanox.vision\/fr\/nanox-ai\/","name":"Nanox.AI - Nanox","isPartOf":{"@id":"https:\/\/www.nanox.vision\/fr\/#website"},"primaryImageOfPage":{"@id":"https:\/\/www.nanox.vision\/fr\/nanox-ai\/#primaryimage"},"image":{"@id":"https:\/\/www.nanox.vision\/fr\/nanox-ai\/#primaryimage"},"thumbnailUrl":"https:\/\/www.nanox.vision\/wp-content\/uploads\/2024\/11\/hero-ai-2.jpg","datePublished":"2024-09-22T18:13:44+00:00","dateModified":"2026-01-28T12:29:59+00:00","description":"Les solutions de Nanox AI sont d\u00e9velopp\u00e9es pour cibler les maladies chroniques et aigu\u00ebs tr\u00e8s r\u00e9pandues affectant de larges populations \u00e0 travers le monde. En s\u2019appuyant sur la technologie de l\u2019IA, Nanox AI aide les cliniciens \u00e0 extraire des informations cliniques pr\u00e9cieuses et exploitables de l\u2019imagerie m\u00e9dicale de routine qui, autrement, pourraient passer inaper\u00e7ues","breadcrumb":{"@id":"https:\/\/www.nanox.vision\/fr\/nanox-ai\/#breadcrumb"},"inLanguage":"fr-FR","potentialAction":[{"@type":"ReadAction","target":["https:\/\/www.nanox.vision\/fr\/nanox-ai\/"]}]},{"@type":"ImageObject","inLanguage":"fr-FR","@id":"https:\/\/www.nanox.vision\/fr\/nanox-ai\/#primaryimage","url":"https:\/\/www.nanox.vision\/wp-content\/uploads\/2024\/11\/hero-ai-2.jpg","contentUrl":"https:\/\/www.nanox.vision\/wp-content\/uploads\/2024\/11\/hero-ai-2.jpg","width":1116,"height":480},{"@type":"BreadcrumbList","@id":"https:\/\/www.nanox.vision\/fr\/nanox-ai\/#breadcrumb","itemListElement":[{"@type":"ListItem","position":1,"name":"Home","item":"https:\/\/www.nanox.vision\/fr\/"},{"@type":"ListItem","position":2,"name":"Nanox.AI"}]},{"@type":"WebSite","@id":"https:\/\/www.nanox.vision\/fr\/#website","url":"https:\/\/www.nanox.vision\/fr\/","name":"Nanox","description":"","publisher":{"@id":"https:\/\/www.nanox.vision\/fr\/#organization"},"potentialAction":[{"@type":"SearchAction","target":{"@type":"EntryPoint","urlTemplate":"https:\/\/www.nanox.vision\/fr\/?s={search_term_string}"},"query-input":{"@type":"PropertyValueSpecification","valueRequired":true,"valueName":"search_term_string"}}],"inLanguage":"fr-FR"},{"@type":"Organization","@id":"https:\/\/www.nanox.vision\/fr\/#organization","name":"Nanox","url":"https:\/\/www.nanox.vision\/fr\/","logo":{"@type":"ImageObject","inLanguage":"fr-FR","@id":"https:\/\/www.nanox.vision\/fr\/#\/schema\/logo\/image\/","url":"https:\/\/www.nanox.vision\/wp-content\/uploads\/2024\/10\/nanox-logo.png","contentUrl":"https:\/\/www.nanox.vision\/wp-content\/uploads\/2024\/10\/nanox-logo.png","width":153,"height":141,"caption":"Nanox"},"image":{"@id":"https:\/\/www.nanox.vision\/fr\/#\/schema\/logo\/image\/"},"sameAs":["https:\/\/www.facebook.com\/NanoxVision\/","https:\/\/x.com\/nanox_vision"]}]}},"_links":{"self":[{"href":"https:\/\/www.nanox.vision\/fr\/wp-json\/wp\/v2\/pages\/5119","targetHints":{"allow":["GET"]}}],"collection":[{"href":"https:\/\/www.nanox.vision\/fr\/wp-json\/wp\/v2\/pages"}],"about":[{"href":"https:\/\/www.nanox.vision\/fr\/wp-json\/wp\/v2\/types\/page"}],"author":[{"embeddable":true,"href":"https:\/\/www.nanox.vision\/fr\/wp-json\/wp\/v2\/users\/1"}],"replies":[{"embeddable":true,"href":"https:\/\/www.nanox.vision\/fr\/wp-json\/wp\/v2\/comments?post=5119"}],"version-history":[{"count":1,"href":"https:\/\/www.nanox.vision\/fr\/wp-json\/wp\/v2\/pages\/5119\/revisions"}],"predecessor-version":[{"id":5121,"href":"https:\/\/www.nanox.vision\/fr\/wp-json\/wp\/v2\/pages\/5119\/revisions\/5121"}],"wp:featuredmedia":[{"embeddable":true,"href":"https:\/\/www.nanox.vision\/fr\/wp-json\/wp\/v2\/media\/3516"}],"wp:attachment":[{"href":"https:\/\/www.nanox.vision\/fr\/wp-json\/wp\/v2\/media?parent=5119"}],"curies":[{"name":"wp","href":"https:\/\/api.w.org\/{rel}","templated":true}]}}