{"id":5118,"date":"2024-10-18T20:30:57","date_gmt":"2024-10-18T20:30:57","guid":{"rendered":"https:\/\/www.nanox.vision\/solution-cardiac-par-lia\/"},"modified":"2026-01-28T12:14:50","modified_gmt":"2026-01-28T12:14:50","slug":"solution-cardiac-par-lia","status":"publish","type":"page","link":"https:\/\/www.nanox.vision\/fr\/solution-cardiac-par-lia\/","title":{"rendered":"Solution Cardiac par l\u2019IA"},"content":{"rendered":"<h2>Des scanners de routine <br \/>aux soins cardiaques<\/h2>\n<p>La solution Cardiac de Nanox.AI analyse les scanners thoraciques sans contraste non synchronis\u00e9s \u00e0 l\u2019ECG. <strong><span data-olk-copy-source=\"MessageBody\"> Elle mesure et visualise automatiquement la plaque calcifi\u00e9e dans les art\u00e8res coronaires,<\/span><\/strong> en fournissant un score calcique num\u00e9rique* et une cat\u00e9gorisation bas\u00e9s sur les scanners thoraciques de routine, et <strong><span data-olk-copy-source=\"MessageBody\"> int\u00e8gre de mani\u00e8re fluide les r\u00e9sultats dans le rapport de radiologie et le syst\u00e8me de DME.<\/span><\/strong><\/p>\n<p><strong> <\/strong><\/p>\n<p><span style=\"font-size: 10pt;\">*Score calcique num\u00e9rique pour HealthCCSng V.2 Approbation par la FDA (510(k)) uniquement <\/span><strong><br \/><\/strong><\/p>\n","protected":false},"excerpt":{"rendered":"<p>Des scanners de routine aux soins cardiaques La solution Cardiac de Nanox.AI analyse les scanners thoraciques sans contraste non synchronis\u00e9s \u00e0 l\u2019ECG. Elle mesure et visualise automatiquement la plaque calcifi\u00e9e dans les art\u00e8res coronaires, en fournissant un score calcique num\u00e9rique* et une cat\u00e9gorisation bas\u00e9s sur les scanners thoraciques de routine, et int\u00e8gre de mani\u00e8re fluide &hellip; <\/p>\n<p class=\"link-more\"><a href=\"https:\/\/www.nanox.vision\/fr\/solution-cardiac-par-lia\/\" class=\"more-link\">Continue reading<span class=\"screen-reader-text\"> \u00ab\u00a0Solution Cardiac par l\u2019IA\u00a0\u00bb<\/span><\/a><\/p>\n","protected":false},"author":1,"featured_media":3378,"parent":0,"menu_order":59,"comment_status":"closed","ping_status":"closed","template":"page-cardiac.php","meta":{"_acf_changed":false,"footnotes":""},"class_list":["post-5118","page","type-page","status-publish","has-post-thumbnail","hentry"],"acf":[],"yoast_head":"<!-- This site is optimized with the Yoast SEO plugin v27.5 - https:\/\/yoast.com\/product\/yoast-seo-wordpress\/ -->\n<title>Solution Cardiac par l\u2019IA - Nanox<\/title>\n<meta name=\"robots\" content=\"index, follow, max-snippet:-1, max-image-preview:large, max-video-preview:-1\" \/>\n<link rel=\"canonical\" href=\"https:\/\/www.nanox.vision\/fr\/solution-cardiac-par-lia\/\" \/>\n<meta property=\"og:locale\" content=\"fr_FR\" \/>\n<meta property=\"og:type\" content=\"article\" \/>\n<meta property=\"og:title\" content=\"Solution Cardiac par l\u2019IA - Nanox\" \/>\n<meta property=\"og:description\" content=\"Des scanners de routine aux soins cardiaques La solution Cardiac de Nanox.AI analyse les scanners thoraciques sans contraste non synchronis\u00e9s \u00e0 l\u2019ECG. Elle mesure et visualise automatiquement la plaque calcifi\u00e9e dans les art\u00e8res coronaires, en fournissant un score calcique num\u00e9rique* et une cat\u00e9gorisation bas\u00e9s sur les scanners thoraciques de routine, et int\u00e8gre de mani\u00e8re fluide &hellip; Continue reading &quot;Solution Cardiac par l\u2019IA&quot;\" \/>\n<meta property=\"og:url\" content=\"https:\/\/www.nanox.vision\/fr\/solution-cardiac-par-lia\/\" \/>\n<meta property=\"og:site_name\" content=\"Nanox\" \/>\n<meta property=\"article:publisher\" content=\"https:\/\/www.facebook.com\/NanoxVision\/\" \/>\n<meta property=\"article:modified_time\" content=\"2026-01-28T12:14:50+00:00\" \/>\n<meta property=\"og:image\" content=\"https:\/\/www.nanox.vision\/wp-content\/uploads\/2024\/10\/ai-cardiac.jpg\" \/>\n\t<meta property=\"og:image:width\" content=\"939\" \/>\n\t<meta property=\"og:image:height\" content=\"480\" \/>\n\t<meta property=\"og:image:type\" content=\"image\/jpeg\" \/>\n<meta name=\"twitter:card\" content=\"summary_large_image\" \/>\n<meta name=\"twitter:site\" content=\"@nanox_vision\" \/>\n<!-- \/ Yoast SEO plugin. -->","yoast_head_json":{"title":"Solution Cardiac par l\u2019IA - Nanox","robots":{"index":"index","follow":"follow","max-snippet":"max-snippet:-1","max-image-preview":"max-image-preview:large","max-video-preview":"max-video-preview:-1"},"canonical":"https:\/\/www.nanox.vision\/fr\/solution-cardiac-par-lia\/","og_locale":"fr_FR","og_type":"article","og_title":"Solution Cardiac par l\u2019IA - Nanox","og_description":"Des scanners de routine aux soins cardiaques La solution Cardiac de Nanox.AI analyse les scanners thoraciques sans contraste non synchronis\u00e9s \u00e0 l\u2019ECG. Elle mesure et visualise automatiquement la plaque calcifi\u00e9e dans les art\u00e8res coronaires, en fournissant un score calcique num\u00e9rique* et une cat\u00e9gorisation bas\u00e9s sur les scanners thoraciques de routine, et int\u00e8gre de mani\u00e8re fluide &hellip; Continue reading \"Solution Cardiac par l\u2019IA\"","og_url":"https:\/\/www.nanox.vision\/fr\/solution-cardiac-par-lia\/","og_site_name":"Nanox","article_publisher":"https:\/\/www.facebook.com\/NanoxVision\/","article_modified_time":"2026-01-28T12:14:50+00:00","og_image":[{"width":939,"height":480,"url":"https:\/\/www.nanox.vision\/wp-content\/uploads\/2024\/10\/ai-cardiac.jpg","type":"image\/jpeg"}],"twitter_card":"summary_large_image","twitter_site":"@nanox_vision","schema":{"@context":"https:\/\/schema.org","@graph":[{"@type":"WebPage","@id":"https:\/\/www.nanox.vision\/fr\/solution-cardiac-par-lia\/","url":"https:\/\/www.nanox.vision\/fr\/solution-cardiac-par-lia\/","name":"Solution Cardiac par l\u2019IA - Nanox","isPartOf":{"@id":"https:\/\/www.nanox.vision\/fr\/#website"},"primaryImageOfPage":{"@id":"https:\/\/www.nanox.vision\/fr\/solution-cardiac-par-lia\/#primaryimage"},"image":{"@id":"https:\/\/www.nanox.vision\/fr\/solution-cardiac-par-lia\/#primaryimage"},"thumbnailUrl":"https:\/\/www.nanox.vision\/wp-content\/uploads\/2024\/10\/ai-cardiac.jpg","datePublished":"2024-10-18T20:30:57+00:00","dateModified":"2026-01-28T12:14:50+00:00","breadcrumb":{"@id":"https:\/\/www.nanox.vision\/fr\/solution-cardiac-par-lia\/#breadcrumb"},"inLanguage":"fr-FR","potentialAction":[{"@type":"ReadAction","target":["https:\/\/www.nanox.vision\/fr\/solution-cardiac-par-lia\/"]}]},{"@type":"ImageObject","inLanguage":"fr-FR","@id":"https:\/\/www.nanox.vision\/fr\/solution-cardiac-par-lia\/#primaryimage","url":"https:\/\/www.nanox.vision\/wp-content\/uploads\/2024\/10\/ai-cardiac.jpg","contentUrl":"https:\/\/www.nanox.vision\/wp-content\/uploads\/2024\/10\/ai-cardiac.jpg","width":939,"height":480},{"@type":"BreadcrumbList","@id":"https:\/\/www.nanox.vision\/fr\/solution-cardiac-par-lia\/#breadcrumb","itemListElement":[{"@type":"ListItem","position":1,"name":"Home","item":"https:\/\/www.nanox.vision\/fr\/"},{"@type":"ListItem","position":2,"name":"Solution Cardiac par l\u2019IA"}]},{"@type":"WebSite","@id":"https:\/\/www.nanox.vision\/fr\/#website","url":"https:\/\/www.nanox.vision\/fr\/","name":"Nanox","description":"","publisher":{"@id":"https:\/\/www.nanox.vision\/fr\/#organization"},"potentialAction":[{"@type":"SearchAction","target":{"@type":"EntryPoint","urlTemplate":"https:\/\/www.nanox.vision\/fr\/?s={search_term_string}"},"query-input":{"@type":"PropertyValueSpecification","valueRequired":true,"valueName":"search_term_string"}}],"inLanguage":"fr-FR"},{"@type":"Organization","@id":"https:\/\/www.nanox.vision\/fr\/#organization","name":"Nanox","url":"https:\/\/www.nanox.vision\/fr\/","logo":{"@type":"ImageObject","inLanguage":"fr-FR","@id":"https:\/\/www.nanox.vision\/fr\/#\/schema\/logo\/image\/","url":"https:\/\/www.nanox.vision\/wp-content\/uploads\/2024\/10\/nanox-logo.png","contentUrl":"https:\/\/www.nanox.vision\/wp-content\/uploads\/2024\/10\/nanox-logo.png","width":153,"height":141,"caption":"Nanox"},"image":{"@id":"https:\/\/www.nanox.vision\/fr\/#\/schema\/logo\/image\/"},"sameAs":["https:\/\/www.facebook.com\/NanoxVision\/","https:\/\/x.com\/nanox_vision"]}]}},"_links":{"self":[{"href":"https:\/\/www.nanox.vision\/fr\/wp-json\/wp\/v2\/pages\/5118","targetHints":{"allow":["GET"]}}],"collection":[{"href":"https:\/\/www.nanox.vision\/fr\/wp-json\/wp\/v2\/pages"}],"about":[{"href":"https:\/\/www.nanox.vision\/fr\/wp-json\/wp\/v2\/types\/page"}],"author":[{"embeddable":true,"href":"https:\/\/www.nanox.vision\/fr\/wp-json\/wp\/v2\/users\/1"}],"replies":[{"embeddable":true,"href":"https:\/\/www.nanox.vision\/fr\/wp-json\/wp\/v2\/comments?post=5118"}],"version-history":[{"count":2,"href":"https:\/\/www.nanox.vision\/fr\/wp-json\/wp\/v2\/pages\/5118\/revisions"}],"predecessor-version":[{"id":6304,"href":"https:\/\/www.nanox.vision\/fr\/wp-json\/wp\/v2\/pages\/5118\/revisions\/6304"}],"wp:featuredmedia":[{"embeddable":true,"href":"https:\/\/www.nanox.vision\/fr\/wp-json\/wp\/v2\/media\/3378"}],"wp:attachment":[{"href":"https:\/\/www.nanox.vision\/fr\/wp-json\/wp\/v2\/media?parent=5118"}],"curies":[{"name":"wp","href":"https:\/\/api.w.org\/{rel}","templated":true}]}}