{"id":5117,"date":"2024-10-23T15:29:25","date_gmt":"2024-10-23T15:29:25","guid":{"rendered":"https:\/\/www.nanox.vision\/solution-bone-par-lia\/"},"modified":"2026-01-28T12:19:04","modified_gmt":"2026-01-28T12:19:04","slug":"solution-bone-par-lia","status":"publish","type":"page","link":"https:\/\/www.nanox.vision\/fr\/solution-bone-par-lia\/","title":{"rendered":"Solution Bone par l\u2019IA"},"content":{"rendered":"<h2><span data-olk-copy-source=\"MessageBody\">Optimiser les donn\u00e9es de scanners pour les soins pr\u00e9ventifs <\/span><\/h2>\n<p>La solution Bone Nanox.AI fournit <strong>une analyse qualitative et quantitative de la colonne vert\u00e9brale<\/strong> \u00e0 partir de scanners pour aider les cliniciens dans l\u2019\u00e9valuation des maladies musculo-squelettiques de la colonne vert\u00e9brale<\/p>\n","protected":false},"excerpt":{"rendered":"<p>Optimiser les donn\u00e9es de scanners pour les soins pr\u00e9ventifs La solution Bone Nanox.AI fournit une analyse qualitative et quantitative de la colonne vert\u00e9brale \u00e0 partir de scanners pour aider les cliniciens dans l\u2019\u00e9valuation des maladies musculo-squelettiques de la colonne vert\u00e9brale<\/p>\n","protected":false},"author":1,"featured_media":3726,"parent":0,"menu_order":65,"comment_status":"closed","ping_status":"closed","template":"page-cardiac.php","meta":{"_acf_changed":false,"footnotes":""},"class_list":["post-5117","page","type-page","status-publish","has-post-thumbnail","hentry"],"acf":[],"yoast_head":"<!-- This site is optimized with the Yoast SEO plugin v27.5 - https:\/\/yoast.com\/product\/yoast-seo-wordpress\/ -->\n<title>Solution Bone par l\u2019IA - Nanox<\/title>\n<meta name=\"robots\" content=\"index, follow, max-snippet:-1, max-image-preview:large, max-video-preview:-1\" \/>\n<link rel=\"canonical\" href=\"https:\/\/www.nanox.vision\/fr\/solution-bone-par-lia\/\" \/>\n<meta property=\"og:locale\" content=\"fr_FR\" \/>\n<meta property=\"og:type\" content=\"article\" \/>\n<meta property=\"og:title\" content=\"Solution Bone par l\u2019IA - Nanox\" \/>\n<meta property=\"og:description\" content=\"Optimiser les donn\u00e9es de scanners pour les soins pr\u00e9ventifs La solution Bone Nanox.AI fournit une analyse qualitative et quantitative de la colonne vert\u00e9brale \u00e0 partir de scanners pour aider les cliniciens dans l\u2019\u00e9valuation des maladies musculo-squelettiques de la colonne vert\u00e9brale\" \/>\n<meta property=\"og:url\" content=\"https:\/\/www.nanox.vision\/fr\/solution-bone-par-lia\/\" \/>\n<meta property=\"og:site_name\" content=\"Nanox\" \/>\n<meta property=\"article:publisher\" content=\"https:\/\/www.facebook.com\/NanoxVision\/\" \/>\n<meta property=\"article:modified_time\" content=\"2026-01-28T12:19:04+00:00\" \/>\n<meta name=\"twitter:card\" content=\"summary_large_image\" \/>\n<meta name=\"twitter:site\" content=\"@nanox_vision\" \/>\n<!-- \/ Yoast SEO plugin. -->","yoast_head_json":{"title":"Solution Bone par l\u2019IA - Nanox","robots":{"index":"index","follow":"follow","max-snippet":"max-snippet:-1","max-image-preview":"max-image-preview:large","max-video-preview":"max-video-preview:-1"},"canonical":"https:\/\/www.nanox.vision\/fr\/solution-bone-par-lia\/","og_locale":"fr_FR","og_type":"article","og_title":"Solution Bone par l\u2019IA - Nanox","og_description":"Optimiser les donn\u00e9es de scanners pour les soins pr\u00e9ventifs La solution Bone Nanox.AI fournit une analyse qualitative et quantitative de la colonne vert\u00e9brale \u00e0 partir de scanners pour aider les cliniciens dans l\u2019\u00e9valuation des maladies musculo-squelettiques de la colonne vert\u00e9brale","og_url":"https:\/\/www.nanox.vision\/fr\/solution-bone-par-lia\/","og_site_name":"Nanox","article_publisher":"https:\/\/www.facebook.com\/NanoxVision\/","article_modified_time":"2026-01-28T12:19:04+00:00","twitter_card":"summary_large_image","twitter_site":"@nanox_vision","schema":{"@context":"https:\/\/schema.org","@graph":[{"@type":"WebPage","@id":"https:\/\/www.nanox.vision\/fr\/solution-bone-par-lia\/","url":"https:\/\/www.nanox.vision\/fr\/solution-bone-par-lia\/","name":"Solution Bone par l\u2019IA - Nanox","isPartOf":{"@id":"https:\/\/www.nanox.vision\/fr\/#website"},"primaryImageOfPage":{"@id":"https:\/\/www.nanox.vision\/fr\/solution-bone-par-lia\/#primaryimage"},"image":{"@id":"https:\/\/www.nanox.vision\/fr\/solution-bone-par-lia\/#primaryimage"},"thumbnailUrl":"https:\/\/www.nanox.vision\/wp-content\/uploads\/2024\/11\/plazma-BONE.svg","datePublished":"2024-10-23T15:29:25+00:00","dateModified":"2026-01-28T12:19:04+00:00","breadcrumb":{"@id":"https:\/\/www.nanox.vision\/fr\/solution-bone-par-lia\/#breadcrumb"},"inLanguage":"fr-FR","potentialAction":[{"@type":"ReadAction","target":["https:\/\/www.nanox.vision\/fr\/solution-bone-par-lia\/"]}]},{"@type":"ImageObject","inLanguage":"fr-FR","@id":"https:\/\/www.nanox.vision\/fr\/solution-bone-par-lia\/#primaryimage","url":"https:\/\/www.nanox.vision\/wp-content\/uploads\/2024\/11\/plazma-BONE.svg","contentUrl":"https:\/\/www.nanox.vision\/wp-content\/uploads\/2024\/11\/plazma-BONE.svg"},{"@type":"BreadcrumbList","@id":"https:\/\/www.nanox.vision\/fr\/solution-bone-par-lia\/#breadcrumb","itemListElement":[{"@type":"ListItem","position":1,"name":"Home","item":"https:\/\/www.nanox.vision\/fr\/"},{"@type":"ListItem","position":2,"name":"Solution Bone par l\u2019IA"}]},{"@type":"WebSite","@id":"https:\/\/www.nanox.vision\/fr\/#website","url":"https:\/\/www.nanox.vision\/fr\/","name":"Nanox","description":"","publisher":{"@id":"https:\/\/www.nanox.vision\/fr\/#organization"},"potentialAction":[{"@type":"SearchAction","target":{"@type":"EntryPoint","urlTemplate":"https:\/\/www.nanox.vision\/fr\/?s={search_term_string}"},"query-input":{"@type":"PropertyValueSpecification","valueRequired":true,"valueName":"search_term_string"}}],"inLanguage":"fr-FR"},{"@type":"Organization","@id":"https:\/\/www.nanox.vision\/fr\/#organization","name":"Nanox","url":"https:\/\/www.nanox.vision\/fr\/","logo":{"@type":"ImageObject","inLanguage":"fr-FR","@id":"https:\/\/www.nanox.vision\/fr\/#\/schema\/logo\/image\/","url":"https:\/\/www.nanox.vision\/wp-content\/uploads\/2024\/10\/nanox-logo.png","contentUrl":"https:\/\/www.nanox.vision\/wp-content\/uploads\/2024\/10\/nanox-logo.png","width":153,"height":141,"caption":"Nanox"},"image":{"@id":"https:\/\/www.nanox.vision\/fr\/#\/schema\/logo\/image\/"},"sameAs":["https:\/\/www.facebook.com\/NanoxVision\/","https:\/\/x.com\/nanox_vision"]}]}},"_links":{"self":[{"href":"https:\/\/www.nanox.vision\/fr\/wp-json\/wp\/v2\/pages\/5117","targetHints":{"allow":["GET"]}}],"collection":[{"href":"https:\/\/www.nanox.vision\/fr\/wp-json\/wp\/v2\/pages"}],"about":[{"href":"https:\/\/www.nanox.vision\/fr\/wp-json\/wp\/v2\/types\/page"}],"author":[{"embeddable":true,"href":"https:\/\/www.nanox.vision\/fr\/wp-json\/wp\/v2\/users\/1"}],"replies":[{"embeddable":true,"href":"https:\/\/www.nanox.vision\/fr\/wp-json\/wp\/v2\/comments?post=5117"}],"version-history":[{"count":2,"href":"https:\/\/www.nanox.vision\/fr\/wp-json\/wp\/v2\/pages\/5117\/revisions"}],"predecessor-version":[{"id":6297,"href":"https:\/\/www.nanox.vision\/fr\/wp-json\/wp\/v2\/pages\/5117\/revisions\/6297"}],"wp:featuredmedia":[{"embeddable":true,"href":"https:\/\/www.nanox.vision\/fr\/wp-json\/wp\/v2\/media\/3726"}],"wp:attachment":[{"href":"https:\/\/www.nanox.vision\/fr\/wp-json\/wp\/v2\/media?parent=5117"}],"curies":[{"name":"wp","href":"https:\/\/api.w.org\/{rel}","templated":true}]}}