{"id":5115,"date":"2024-10-23T15:31:05","date_gmt":"2024-10-23T15:31:05","guid":{"rendered":"https:\/\/www.nanox.vision\/solution-liver-par-lia\/"},"modified":"2026-01-28T12:22:11","modified_gmt":"2026-01-28T12:22:11","slug":"solution-liver-par-lia","status":"publish","type":"page","link":"https:\/\/www.nanox.vision\/fr\/solution-liver-par-lia\/","title":{"rendered":"Solution Liver par l\u2019IA"},"content":{"rendered":"<h2>L\u2019IA pour augmenter le signalement de la st\u00e9atose h\u00e9patique afin de promouvoir la d\u00e9tection pr\u00e9coce<\/h2>\n<p>L\u2019algorithme unique et pionnier de Nanox.AI met en \u00e9vidence les mesures de densit\u00e9 du foie \u00e0 l\u2019aide de scanners abdominaux et thoraciques. Une faible densit\u00e9 du foie est \u00e9vocatrice de st\u00e9atose h\u00e9patique.<\/p>\n","protected":false},"excerpt":{"rendered":"<p>L\u2019IA pour augmenter le signalement de la st\u00e9atose h\u00e9patique afin de promouvoir la d\u00e9tection pr\u00e9coce L\u2019algorithme unique et pionnier de Nanox.AI met en \u00e9vidence les mesures de densit\u00e9 du foie \u00e0 l\u2019aide de scanners abdominaux et thoraciques. Une faible densit\u00e9 du foie est \u00e9vocatrice de st\u00e9atose h\u00e9patique.<\/p>\n","protected":false},"author":1,"featured_media":3730,"parent":0,"menu_order":73,"comment_status":"closed","ping_status":"closed","template":"page-cardiac.php","meta":{"_acf_changed":false,"footnotes":""},"class_list":["post-5115","page","type-page","status-publish","has-post-thumbnail","hentry"],"acf":[],"yoast_head":"<!-- This site is optimized with the Yoast SEO plugin v27.5 - https:\/\/yoast.com\/product\/yoast-seo-wordpress\/ -->\n<title>Solution Liver par l\u2019IA - Nanox<\/title>\n<meta name=\"robots\" content=\"index, follow, max-snippet:-1, max-image-preview:large, max-video-preview:-1\" \/>\n<link rel=\"canonical\" href=\"https:\/\/www.nanox.vision\/fr\/solution-liver-par-lia\/\" \/>\n<meta property=\"og:locale\" content=\"fr_FR\" \/>\n<meta property=\"og:type\" content=\"article\" \/>\n<meta property=\"og:title\" content=\"Solution Liver par l\u2019IA - Nanox\" \/>\n<meta property=\"og:description\" content=\"L\u2019IA pour augmenter le signalement de la st\u00e9atose h\u00e9patique afin de promouvoir la d\u00e9tection pr\u00e9coce L\u2019algorithme unique et pionnier de Nanox.AI met en \u00e9vidence les mesures de densit\u00e9 du foie \u00e0 l\u2019aide de scanners abdominaux et thoraciques. Une faible densit\u00e9 du foie est \u00e9vocatrice de st\u00e9atose h\u00e9patique.\" \/>\n<meta property=\"og:url\" content=\"https:\/\/www.nanox.vision\/fr\/solution-liver-par-lia\/\" \/>\n<meta property=\"og:site_name\" content=\"Nanox\" \/>\n<meta property=\"article:publisher\" content=\"https:\/\/www.facebook.com\/NanoxVision\/\" \/>\n<meta property=\"article:modified_time\" content=\"2026-01-28T12:22:11+00:00\" \/>\n<meta name=\"twitter:card\" content=\"summary_large_image\" \/>\n<meta name=\"twitter:site\" content=\"@nanox_vision\" \/>\n<!-- \/ Yoast SEO plugin. -->","yoast_head_json":{"title":"Solution Liver par l\u2019IA - Nanox","robots":{"index":"index","follow":"follow","max-snippet":"max-snippet:-1","max-image-preview":"max-image-preview:large","max-video-preview":"max-video-preview:-1"},"canonical":"https:\/\/www.nanox.vision\/fr\/solution-liver-par-lia\/","og_locale":"fr_FR","og_type":"article","og_title":"Solution Liver par l\u2019IA - Nanox","og_description":"L\u2019IA pour augmenter le signalement de la st\u00e9atose h\u00e9patique afin de promouvoir la d\u00e9tection pr\u00e9coce L\u2019algorithme unique et pionnier de Nanox.AI met en \u00e9vidence les mesures de densit\u00e9 du foie \u00e0 l\u2019aide de scanners abdominaux et thoraciques. Une faible densit\u00e9 du foie est \u00e9vocatrice de st\u00e9atose h\u00e9patique.","og_url":"https:\/\/www.nanox.vision\/fr\/solution-liver-par-lia\/","og_site_name":"Nanox","article_publisher":"https:\/\/www.facebook.com\/NanoxVision\/","article_modified_time":"2026-01-28T12:22:11+00:00","twitter_card":"summary_large_image","twitter_site":"@nanox_vision","schema":{"@context":"https:\/\/schema.org","@graph":[{"@type":"WebPage","@id":"https:\/\/www.nanox.vision\/fr\/solution-liver-par-lia\/","url":"https:\/\/www.nanox.vision\/fr\/solution-liver-par-lia\/","name":"Solution Liver par l\u2019IA - Nanox","isPartOf":{"@id":"https:\/\/www.nanox.vision\/fr\/#website"},"primaryImageOfPage":{"@id":"https:\/\/www.nanox.vision\/fr\/solution-liver-par-lia\/#primaryimage"},"image":{"@id":"https:\/\/www.nanox.vision\/fr\/solution-liver-par-lia\/#primaryimage"},"thumbnailUrl":"https:\/\/www.nanox.vision\/wp-content\/uploads\/2024\/11\/plazma-liver.svg","datePublished":"2024-10-23T15:31:05+00:00","dateModified":"2026-01-28T12:22:11+00:00","breadcrumb":{"@id":"https:\/\/www.nanox.vision\/fr\/solution-liver-par-lia\/#breadcrumb"},"inLanguage":"fr-FR","potentialAction":[{"@type":"ReadAction","target":["https:\/\/www.nanox.vision\/fr\/solution-liver-par-lia\/"]}]},{"@type":"ImageObject","inLanguage":"fr-FR","@id":"https:\/\/www.nanox.vision\/fr\/solution-liver-par-lia\/#primaryimage","url":"https:\/\/www.nanox.vision\/wp-content\/uploads\/2024\/11\/plazma-liver.svg","contentUrl":"https:\/\/www.nanox.vision\/wp-content\/uploads\/2024\/11\/plazma-liver.svg"},{"@type":"BreadcrumbList","@id":"https:\/\/www.nanox.vision\/fr\/solution-liver-par-lia\/#breadcrumb","itemListElement":[{"@type":"ListItem","position":1,"name":"Home","item":"https:\/\/www.nanox.vision\/fr\/"},{"@type":"ListItem","position":2,"name":"Solution Liver par l\u2019IA"}]},{"@type":"WebSite","@id":"https:\/\/www.nanox.vision\/fr\/#website","url":"https:\/\/www.nanox.vision\/fr\/","name":"Nanox","description":"","publisher":{"@id":"https:\/\/www.nanox.vision\/fr\/#organization"},"potentialAction":[{"@type":"SearchAction","target":{"@type":"EntryPoint","urlTemplate":"https:\/\/www.nanox.vision\/fr\/?s={search_term_string}"},"query-input":{"@type":"PropertyValueSpecification","valueRequired":true,"valueName":"search_term_string"}}],"inLanguage":"fr-FR"},{"@type":"Organization","@id":"https:\/\/www.nanox.vision\/fr\/#organization","name":"Nanox","url":"https:\/\/www.nanox.vision\/fr\/","logo":{"@type":"ImageObject","inLanguage":"fr-FR","@id":"https:\/\/www.nanox.vision\/fr\/#\/schema\/logo\/image\/","url":"https:\/\/www.nanox.vision\/wp-content\/uploads\/2024\/10\/nanox-logo.png","contentUrl":"https:\/\/www.nanox.vision\/wp-content\/uploads\/2024\/10\/nanox-logo.png","width":153,"height":141,"caption":"Nanox"},"image":{"@id":"https:\/\/www.nanox.vision\/fr\/#\/schema\/logo\/image\/"},"sameAs":["https:\/\/www.facebook.com\/NanoxVision\/","https:\/\/x.com\/nanox_vision"]}]}},"_links":{"self":[{"href":"https:\/\/www.nanox.vision\/fr\/wp-json\/wp\/v2\/pages\/5115","targetHints":{"allow":["GET"]}}],"collection":[{"href":"https:\/\/www.nanox.vision\/fr\/wp-json\/wp\/v2\/pages"}],"about":[{"href":"https:\/\/www.nanox.vision\/fr\/wp-json\/wp\/v2\/types\/page"}],"author":[{"embeddable":true,"href":"https:\/\/www.nanox.vision\/fr\/wp-json\/wp\/v2\/users\/1"}],"replies":[{"embeddable":true,"href":"https:\/\/www.nanox.vision\/fr\/wp-json\/wp\/v2\/comments?post=5115"}],"version-history":[{"count":1,"href":"https:\/\/www.nanox.vision\/fr\/wp-json\/wp\/v2\/pages\/5115\/revisions"}],"predecessor-version":[{"id":5167,"href":"https:\/\/www.nanox.vision\/fr\/wp-json\/wp\/v2\/pages\/5115\/revisions\/5167"}],"wp:featuredmedia":[{"embeddable":true,"href":"https:\/\/www.nanox.vision\/fr\/wp-json\/wp\/v2\/media\/3730"}],"wp:attachment":[{"href":"https:\/\/www.nanox.vision\/fr\/wp-json\/wp\/v2\/media?parent=5115"}],"curies":[{"name":"wp","href":"https:\/\/api.w.org\/{rel}","templated":true}]}}