{"id":4386,"date":"2024-12-17T08:46:52","date_gmt":"2024-12-17T08:46:52","guid":{"rendered":"https:\/\/www.nanox.vision\/formulaire-de-demande-des-personnes-concernees\/"},"modified":"2025-06-25T07:41:57","modified_gmt":"2025-06-25T07:41:57","slug":"formulaire-de-demande-des-personnes-concernees","status":"publish","type":"page","link":"https:\/\/www.nanox.vision\/fr\/formulaire-de-demande-des-personnes-concernees\/","title":{"rendered":"Formulaire de demande des personnes concern\u00e9es"},"content":{"rendered":"<p><em>Derni\u00e8re mise \u00e0 jour&nbsp;: 22&nbsp;JUIN&nbsp;2023<\/em><\/p>\n<p>Nano-X Imaging Ltd (\u00ab&nbsp;Soci\u00e9t\u00e9&nbsp;\u00bb) accorde une grande importance aux droits \u00e0 la confidentialit\u00e9 de ses clients, partenaires, fournisseurs, vendeurs et autres. Comme l\u2019exigent le R\u00e8glement g\u00e9n\u00e9ral sur la protection des donn\u00e9es de l\u2019UE (\u00ab&nbsp;RGPD&nbsp;\u00bb) et la loi de Californie sur la protection de la vie priv\u00e9e des consommateurs de 2018 (\u00ab&nbsp;CCPA&nbsp;\u00bb) (collectivement les \u00ab&nbsp;lois sur la protection des donn\u00e9es&nbsp;\u00bb), les r\u00e9sidents de l\u2019Union europ\u00e9enne et les r\u00e9sidents de Californie, respectivement, sont autoris\u00e9s \u00e0 faire certaines demandes concernant notre traitement des donn\u00e9es personnelles.<\/p>\n<p>Afin de soumettre une demande de personne concern\u00e9e conform\u00e9ment aux lois sur la protection des donn\u00e9es, veuillez remplir le formulaire, <a href=\"https:\/\/www.nanox.vision\/wp-content\/uploads\/2024\/12\/Nanox-DSR-Form.pdf\" target=\"_blank\" rel=\"noopener\">\u00e0 t\u00e9l\u00e9charger ici<\/a>, et l\u2019envoyer par courriel \u00e0 l\u2019\u00e9quipe de confidentialit\u00e9&nbsp;: <a href=\"mailto:privacy@nanox.vision\">privacy@nanox.vision<\/a>. D\u00e8s r\u00e9ception de votre demande compl\u00e9t\u00e9e et de tous les documents suppl\u00e9mentaires requis, tels que d\u00e9taill\u00e9s dans le formulaire, nous la traiterons et vous r\u00e9pondrons dans les d\u00e9lais requis par les lois applicables en mati\u00e8re de protection des donn\u00e9es. Si des informations suppl\u00e9mentaires sont n\u00e9cessaires, nous vous contacterons par le biais des coordonn\u00e9es fournies dans ce formulaire. Les informations fournies dans le cadre de cette demande seront trait\u00e9es uniquement dans le but de traiter et de r\u00e9pondre \u00e0 votre demande et seront supprim\u00e9es imm\u00e9diatement apr\u00e8s<\/p>\n","protected":false},"excerpt":{"rendered":"<p>Derni\u00e8re mise \u00e0 jour&nbsp;: 22&nbsp;JUIN&nbsp;2023 Nano-X Imaging Ltd (\u00ab&nbsp;Soci\u00e9t\u00e9&nbsp;\u00bb) accorde une grande importance aux droits \u00e0 la confidentialit\u00e9 de ses clients, partenaires, fournisseurs, vendeurs et autres. Comme l\u2019exigent le R\u00e8glement g\u00e9n\u00e9ral sur la protection des donn\u00e9es de l\u2019UE (\u00ab&nbsp;RGPD&nbsp;\u00bb) et la loi de Californie sur la protection de la vie priv\u00e9e des consommateurs de 2018 &hellip; <\/p>\n<p class=\"link-more\"><a href=\"https:\/\/www.nanox.vision\/fr\/formulaire-de-demande-des-personnes-concernees\/\" class=\"more-link\">Continue reading<span class=\"screen-reader-text\"> \u00ab\u00a0Formulaire de demande des personnes concern\u00e9es\u00a0\u00bb<\/span><\/a><\/p>\n","protected":false},"author":1,"featured_media":0,"parent":0,"menu_order":84,"comment_status":"closed","ping_status":"closed","template":"","meta":{"_acf_changed":false,"footnotes":""},"class_list":["post-4386","page","type-page","status-publish","hentry"],"acf":[],"yoast_head":"<!-- This site is optimized with the Yoast SEO plugin v27.3 - https:\/\/yoast.com\/product\/yoast-seo-wordpress\/ -->\n<title>Formulaire de demande des personnes concern\u00e9es - Nanox<\/title>\n<meta name=\"robots\" content=\"index, follow, max-snippet:-1, max-image-preview:large, max-video-preview:-1\" \/>\n<link rel=\"canonical\" href=\"https:\/\/www.nanox.vision\/fr\/formulaire-de-demande-des-personnes-concernees\/\" \/>\n<meta property=\"og:locale\" content=\"fr_FR\" \/>\n<meta property=\"og:type\" content=\"article\" \/>\n<meta property=\"og:title\" content=\"Formulaire de demande des personnes concern\u00e9es - Nanox\" \/>\n<meta property=\"og:description\" content=\"Derni\u00e8re mise \u00e0 jour&nbsp;: 22&nbsp;JUIN&nbsp;2023 Nano-X Imaging Ltd (\u00ab&nbsp;Soci\u00e9t\u00e9&nbsp;\u00bb) accorde une grande importance aux droits \u00e0 la confidentialit\u00e9 de ses clients, partenaires, fournisseurs, vendeurs et autres. Comme l\u2019exigent le R\u00e8glement g\u00e9n\u00e9ral sur la protection des donn\u00e9es de l\u2019UE (\u00ab&nbsp;RGPD&nbsp;\u00bb) et la loi de Californie sur la protection de la vie priv\u00e9e des consommateurs de 2018 &hellip; Continue reading &quot;Formulaire de demande des personnes concern\u00e9es&quot;\" \/>\n<meta property=\"og:url\" content=\"https:\/\/www.nanox.vision\/fr\/formulaire-de-demande-des-personnes-concernees\/\" \/>\n<meta property=\"og:site_name\" content=\"Nanox\" \/>\n<meta property=\"article:publisher\" content=\"https:\/\/www.facebook.com\/NanoxVision\/\" \/>\n<meta property=\"article:modified_time\" content=\"2025-06-25T07:41:57+00:00\" \/>\n<meta name=\"twitter:card\" content=\"summary_large_image\" \/>\n<meta name=\"twitter:site\" content=\"@nanox_vision\" \/>\n<meta name=\"twitter:label1\" content=\"Dur\u00e9e de lecture estim\u00e9e\" \/>\n\t<meta name=\"twitter:data1\" content=\"1 minute\" \/>\n<!-- \/ Yoast SEO plugin. -->","yoast_head_json":{"title":"Formulaire de demande des personnes concern\u00e9es - Nanox","robots":{"index":"index","follow":"follow","max-snippet":"max-snippet:-1","max-image-preview":"max-image-preview:large","max-video-preview":"max-video-preview:-1"},"canonical":"https:\/\/www.nanox.vision\/fr\/formulaire-de-demande-des-personnes-concernees\/","og_locale":"fr_FR","og_type":"article","og_title":"Formulaire de demande des personnes concern\u00e9es - Nanox","og_description":"Derni\u00e8re mise \u00e0 jour&nbsp;: 22&nbsp;JUIN&nbsp;2023 Nano-X Imaging Ltd (\u00ab&nbsp;Soci\u00e9t\u00e9&nbsp;\u00bb) accorde une grande importance aux droits \u00e0 la confidentialit\u00e9 de ses clients, partenaires, fournisseurs, vendeurs et autres. Comme l\u2019exigent le R\u00e8glement g\u00e9n\u00e9ral sur la protection des donn\u00e9es de l\u2019UE (\u00ab&nbsp;RGPD&nbsp;\u00bb) et la loi de Californie sur la protection de la vie priv\u00e9e des consommateurs de 2018 &hellip; Continue reading \"Formulaire de demande des personnes concern\u00e9es\"","og_url":"https:\/\/www.nanox.vision\/fr\/formulaire-de-demande-des-personnes-concernees\/","og_site_name":"Nanox","article_publisher":"https:\/\/www.facebook.com\/NanoxVision\/","article_modified_time":"2025-06-25T07:41:57+00:00","twitter_card":"summary_large_image","twitter_site":"@nanox_vision","twitter_misc":{"Dur\u00e9e de lecture estim\u00e9e":"1 minute"},"schema":{"@context":"https:\/\/schema.org","@graph":[{"@type":"WebPage","@id":"https:\/\/www.nanox.vision\/fr\/formulaire-de-demande-des-personnes-concernees\/","url":"https:\/\/www.nanox.vision\/fr\/formulaire-de-demande-des-personnes-concernees\/","name":"Formulaire de demande des personnes concern\u00e9es - Nanox","isPartOf":{"@id":"https:\/\/www.nanox.vision\/fr\/#website"},"datePublished":"2024-12-17T08:46:52+00:00","dateModified":"2025-06-25T07:41:57+00:00","breadcrumb":{"@id":"https:\/\/www.nanox.vision\/fr\/formulaire-de-demande-des-personnes-concernees\/#breadcrumb"},"inLanguage":"fr-FR","potentialAction":[{"@type":"ReadAction","target":["https:\/\/www.nanox.vision\/fr\/formulaire-de-demande-des-personnes-concernees\/"]}]},{"@type":"BreadcrumbList","@id":"https:\/\/www.nanox.vision\/fr\/formulaire-de-demande-des-personnes-concernees\/#breadcrumb","itemListElement":[{"@type":"ListItem","position":1,"name":"Home","item":"https:\/\/www.nanox.vision\/fr\/"},{"@type":"ListItem","position":2,"name":"Formulaire de demande des personnes concern\u00e9es"}]},{"@type":"WebSite","@id":"https:\/\/www.nanox.vision\/fr\/#website","url":"https:\/\/www.nanox.vision\/fr\/","name":"Nanox","description":"","publisher":{"@id":"https:\/\/www.nanox.vision\/fr\/#organization"},"potentialAction":[{"@type":"SearchAction","target":{"@type":"EntryPoint","urlTemplate":"https:\/\/www.nanox.vision\/fr\/?s={search_term_string}"},"query-input":{"@type":"PropertyValueSpecification","valueRequired":true,"valueName":"search_term_string"}}],"inLanguage":"fr-FR"},{"@type":"Organization","@id":"https:\/\/www.nanox.vision\/fr\/#organization","name":"Nanox","url":"https:\/\/www.nanox.vision\/fr\/","logo":{"@type":"ImageObject","inLanguage":"fr-FR","@id":"https:\/\/www.nanox.vision\/fr\/#\/schema\/logo\/image\/","url":"https:\/\/www.nanox.vision\/wp-content\/uploads\/2024\/10\/nanox-logo.png","contentUrl":"https:\/\/www.nanox.vision\/wp-content\/uploads\/2024\/10\/nanox-logo.png","width":153,"height":141,"caption":"Nanox"},"image":{"@id":"https:\/\/www.nanox.vision\/fr\/#\/schema\/logo\/image\/"},"sameAs":["https:\/\/www.facebook.com\/NanoxVision\/","https:\/\/x.com\/nanox_vision"]}]}},"_links":{"self":[{"href":"https:\/\/www.nanox.vision\/fr\/wp-json\/wp\/v2\/pages\/4386","targetHints":{"allow":["GET"]}}],"collection":[{"href":"https:\/\/www.nanox.vision\/fr\/wp-json\/wp\/v2\/pages"}],"about":[{"href":"https:\/\/www.nanox.vision\/fr\/wp-json\/wp\/v2\/types\/page"}],"author":[{"embeddable":true,"href":"https:\/\/www.nanox.vision\/fr\/wp-json\/wp\/v2\/users\/1"}],"replies":[{"embeddable":true,"href":"https:\/\/www.nanox.vision\/fr\/wp-json\/wp\/v2\/comments?post=4386"}],"version-history":[{"count":1,"href":"https:\/\/www.nanox.vision\/fr\/wp-json\/wp\/v2\/pages\/4386\/revisions"}],"predecessor-version":[{"id":4848,"href":"https:\/\/www.nanox.vision\/fr\/wp-json\/wp\/v2\/pages\/4386\/revisions\/4848"}],"wp:attachment":[{"href":"https:\/\/www.nanox.vision\/fr\/wp-json\/wp\/v2\/media?parent=4386"}],"curies":[{"name":"wp","href":"https:\/\/api.w.org\/{rel}","templated":true}]}}