{"id":4372,"date":"2024-12-13T17:55:21","date_gmt":"2024-12-13T17:55:21","guid":{"rendered":"https:\/\/www.nanox.vision\/carrieres\/"},"modified":"2026-01-21T13:15:12","modified_gmt":"2026-01-21T13:15:12","slug":"carrieres","status":"publish","type":"page","link":"https:\/\/www.nanox.vision\/fr\/carrieres\/","title":{"rendered":"Carri\u00e8res"},"content":{"rendered":"<p>Rejoignez-nous pour faire la diff\u00e9rence Rejoignez-nous pour faire la diff\u00e9rence <\/p>\n","protected":false},"excerpt":{"rendered":"<p>Rejoignez-nous pour faire la diff\u00e9rence Rejoignez-nous pour faire la diff\u00e9rence<\/p>\n","protected":false},"author":1,"featured_media":3894,"parent":0,"menu_order":85,"comment_status":"closed","ping_status":"closed","template":"page-careers.php","meta":{"_acf_changed":false,"footnotes":""},"class_list":["post-4372","page","type-page","status-publish","has-post-thumbnail","hentry"],"acf":[],"yoast_head":"<!-- This site is optimized with the Yoast SEO plugin v27.5 - https:\/\/yoast.com\/product\/yoast-seo-wordpress\/ -->\n<title>Carri\u00e8res - Nanox<\/title>\n<meta name=\"robots\" content=\"index, follow, max-snippet:-1, max-image-preview:large, max-video-preview:-1\" \/>\n<link rel=\"canonical\" href=\"https:\/\/www.nanox.vision\/fr\/carrieres\/\" \/>\n<meta property=\"og:locale\" content=\"fr_FR\" \/>\n<meta property=\"og:type\" content=\"article\" \/>\n<meta property=\"og:title\" content=\"Carri\u00e8res - Nanox\" \/>\n<meta property=\"og:description\" content=\"Rejoignez-nous pour faire la diff\u00e9rence Rejoignez-nous pour faire la diff\u00e9rence\" \/>\n<meta property=\"og:url\" content=\"https:\/\/www.nanox.vision\/fr\/carrieres\/\" \/>\n<meta property=\"og:site_name\" content=\"Nanox\" \/>\n<meta property=\"article:publisher\" content=\"https:\/\/www.facebook.com\/NanoxVision\/\" \/>\n<meta property=\"article:modified_time\" content=\"2026-01-21T13:15:12+00:00\" \/>\n<meta property=\"og:image\" content=\"https:\/\/www.nanox.vision\/wp-content\/uploads\/2024\/12\/careers-hero.jpg\" \/>\n\t<meta property=\"og:image:width\" content=\"939\" \/>\n\t<meta property=\"og:image:height\" content=\"480\" \/>\n\t<meta property=\"og:image:type\" content=\"image\/jpeg\" \/>\n<meta name=\"twitter:card\" content=\"summary_large_image\" \/>\n<meta name=\"twitter:site\" content=\"@nanox_vision\" \/>\n<!-- \/ Yoast SEO plugin. -->","yoast_head_json":{"title":"Carri\u00e8res - Nanox","robots":{"index":"index","follow":"follow","max-snippet":"max-snippet:-1","max-image-preview":"max-image-preview:large","max-video-preview":"max-video-preview:-1"},"canonical":"https:\/\/www.nanox.vision\/fr\/carrieres\/","og_locale":"fr_FR","og_type":"article","og_title":"Carri\u00e8res - Nanox","og_description":"Rejoignez-nous pour faire la diff\u00e9rence Rejoignez-nous pour faire la diff\u00e9rence","og_url":"https:\/\/www.nanox.vision\/fr\/carrieres\/","og_site_name":"Nanox","article_publisher":"https:\/\/www.facebook.com\/NanoxVision\/","article_modified_time":"2026-01-21T13:15:12+00:00","og_image":[{"width":939,"height":480,"url":"https:\/\/www.nanox.vision\/wp-content\/uploads\/2024\/12\/careers-hero.jpg","type":"image\/jpeg"}],"twitter_card":"summary_large_image","twitter_site":"@nanox_vision","schema":{"@context":"https:\/\/schema.org","@graph":[{"@type":"WebPage","@id":"https:\/\/www.nanox.vision\/fr\/carrieres\/","url":"https:\/\/www.nanox.vision\/fr\/carrieres\/","name":"Carri\u00e8res - Nanox","isPartOf":{"@id":"https:\/\/www.nanox.vision\/fr\/#website"},"primaryImageOfPage":{"@id":"https:\/\/www.nanox.vision\/fr\/carrieres\/#primaryimage"},"image":{"@id":"https:\/\/www.nanox.vision\/fr\/carrieres\/#primaryimage"},"thumbnailUrl":"https:\/\/www.nanox.vision\/wp-content\/uploads\/2024\/12\/careers-hero.jpg","datePublished":"2024-12-13T17:55:21+00:00","dateModified":"2026-01-21T13:15:12+00:00","breadcrumb":{"@id":"https:\/\/www.nanox.vision\/fr\/carrieres\/#breadcrumb"},"inLanguage":"fr-FR","potentialAction":[{"@type":"ReadAction","target":["https:\/\/www.nanox.vision\/fr\/carrieres\/"]}]},{"@type":"ImageObject","inLanguage":"fr-FR","@id":"https:\/\/www.nanox.vision\/fr\/carrieres\/#primaryimage","url":"https:\/\/www.nanox.vision\/wp-content\/uploads\/2024\/12\/careers-hero.jpg","contentUrl":"https:\/\/www.nanox.vision\/wp-content\/uploads\/2024\/12\/careers-hero.jpg","width":939,"height":480},{"@type":"BreadcrumbList","@id":"https:\/\/www.nanox.vision\/fr\/carrieres\/#breadcrumb","itemListElement":[{"@type":"ListItem","position":1,"name":"Home","item":"https:\/\/www.nanox.vision\/fr\/"},{"@type":"ListItem","position":2,"name":"Carri\u00e8res"}]},{"@type":"WebSite","@id":"https:\/\/www.nanox.vision\/fr\/#website","url":"https:\/\/www.nanox.vision\/fr\/","name":"Nanox","description":"","publisher":{"@id":"https:\/\/www.nanox.vision\/fr\/#organization"},"potentialAction":[{"@type":"SearchAction","target":{"@type":"EntryPoint","urlTemplate":"https:\/\/www.nanox.vision\/fr\/?s={search_term_string}"},"query-input":{"@type":"PropertyValueSpecification","valueRequired":true,"valueName":"search_term_string"}}],"inLanguage":"fr-FR"},{"@type":"Organization","@id":"https:\/\/www.nanox.vision\/fr\/#organization","name":"Nanox","url":"https:\/\/www.nanox.vision\/fr\/","logo":{"@type":"ImageObject","inLanguage":"fr-FR","@id":"https:\/\/www.nanox.vision\/fr\/#\/schema\/logo\/image\/","url":"https:\/\/www.nanox.vision\/wp-content\/uploads\/2024\/10\/nanox-logo.png","contentUrl":"https:\/\/www.nanox.vision\/wp-content\/uploads\/2024\/10\/nanox-logo.png","width":153,"height":141,"caption":"Nanox"},"image":{"@id":"https:\/\/www.nanox.vision\/fr\/#\/schema\/logo\/image\/"},"sameAs":["https:\/\/www.facebook.com\/NanoxVision\/","https:\/\/x.com\/nanox_vision"]}]}},"_links":{"self":[{"href":"https:\/\/www.nanox.vision\/fr\/wp-json\/wp\/v2\/pages\/4372","targetHints":{"allow":["GET"]}}],"collection":[{"href":"https:\/\/www.nanox.vision\/fr\/wp-json\/wp\/v2\/pages"}],"about":[{"href":"https:\/\/www.nanox.vision\/fr\/wp-json\/wp\/v2\/types\/page"}],"author":[{"embeddable":true,"href":"https:\/\/www.nanox.vision\/fr\/wp-json\/wp\/v2\/users\/1"}],"replies":[{"embeddable":true,"href":"https:\/\/www.nanox.vision\/fr\/wp-json\/wp\/v2\/comments?post=4372"}],"version-history":[{"count":3,"href":"https:\/\/www.nanox.vision\/fr\/wp-json\/wp\/v2\/pages\/4372\/revisions"}],"predecessor-version":[{"id":6289,"href":"https:\/\/www.nanox.vision\/fr\/wp-json\/wp\/v2\/pages\/4372\/revisions\/6289"}],"wp:featuredmedia":[{"embeddable":true,"href":"https:\/\/www.nanox.vision\/fr\/wp-json\/wp\/v2\/media\/3894"}],"wp:attachment":[{"href":"https:\/\/www.nanox.vision\/fr\/wp-json\/wp\/v2\/media?parent=4372"}],"curies":[{"name":"wp","href":"https:\/\/api.w.org\/{rel}","templated":true}]}}