{"id":4241,"date":"2024-10-11T18:13:25","date_gmt":"2024-10-11T18:13:25","guid":{"rendered":"https:\/\/www.nanox.vision\/oem\/"},"modified":"2026-01-28T12:48:56","modified_gmt":"2026-01-28T12:48:56","slug":"oem","status":"publish","type":"page","link":"https:\/\/www.nanox.vision\/fr\/oem\/","title":{"rendered":"OEM"},"content":{"rendered":"<h2 style=\"text-align: center;\">Adapter notre technologie de source de rayons X aux syst\u00e8mes d\u2019imagerie tiers dans tous les secteurs<\/h2>\n<p style=\"text-align: center;\"><span style=\"font-size: 14pt;\">Nous proposons des solutions de sources de rayons X sur mesure pour les fabricants d\u2019appareils d\u2019imagerie m\u00e9dicale ou conc\u00e9dons sous licence notre technologie de sources de rayons X pour le d\u00e9veloppement de nouveaux syst\u00e8mes d\u2019imagerie.<\/span><\/p>\n","protected":false},"excerpt":{"rendered":"<p>Adapter notre technologie de source de rayons X aux syst\u00e8mes d\u2019imagerie tiers dans tous les secteurs Nous proposons des solutions de sources de rayons X sur mesure pour les fabricants d\u2019appareils d\u2019imagerie m\u00e9dicale ou conc\u00e9dons sous licence notre technologie de sources de rayons X pour le d\u00e9veloppement de nouveaux syst\u00e8mes d\u2019imagerie.<\/p>\n","protected":false},"author":1,"featured_media":3412,"parent":0,"menu_order":44,"comment_status":"closed","ping_status":"closed","template":"page-oem.php","meta":{"_acf_changed":false,"footnotes":""},"class_list":["post-4241","page","type-page","status-publish","has-post-thumbnail","hentry"],"acf":[],"yoast_head":"<!-- This site is optimized with the Yoast SEO plugin v27.5 - https:\/\/yoast.com\/product\/yoast-seo-wordpress\/ -->\n<title>OEM - Nanox<\/title>\n<meta name=\"robots\" content=\"index, follow, max-snippet:-1, max-image-preview:large, max-video-preview:-1\" \/>\n<link rel=\"canonical\" href=\"https:\/\/www.nanox.vision\/fr\/oem\/\" \/>\n<meta property=\"og:locale\" content=\"fr_FR\" \/>\n<meta property=\"og:type\" content=\"article\" \/>\n<meta property=\"og:title\" content=\"OEM - Nanox\" \/>\n<meta property=\"og:description\" content=\"Adapter notre technologie de source de rayons X aux syst\u00e8mes d\u2019imagerie tiers dans tous les secteurs Nous proposons des solutions de sources de rayons X sur mesure pour les fabricants d\u2019appareils d\u2019imagerie m\u00e9dicale ou conc\u00e9dons sous licence notre technologie de sources de rayons X pour le d\u00e9veloppement de nouveaux syst\u00e8mes d\u2019imagerie.\" \/>\n<meta property=\"og:url\" content=\"https:\/\/www.nanox.vision\/fr\/oem\/\" \/>\n<meta property=\"og:site_name\" content=\"Nanox\" \/>\n<meta property=\"article:publisher\" content=\"https:\/\/www.facebook.com\/NanoxVision\/\" \/>\n<meta property=\"article:modified_time\" content=\"2026-01-28T12:48:56+00:00\" \/>\n<meta property=\"og:image\" content=\"https:\/\/www.nanox.vision\/wp-content\/uploads\/2024\/10\/plazma-oem.jpg\" \/>\n\t<meta property=\"og:image:width\" content=\"873\" \/>\n\t<meta property=\"og:image:height\" content=\"480\" \/>\n\t<meta property=\"og:image:type\" content=\"image\/jpeg\" \/>\n<meta name=\"twitter:card\" content=\"summary_large_image\" \/>\n<meta name=\"twitter:site\" content=\"@nanox_vision\" \/>\n<!-- \/ Yoast SEO plugin. -->","yoast_head_json":{"title":"OEM - Nanox","robots":{"index":"index","follow":"follow","max-snippet":"max-snippet:-1","max-image-preview":"max-image-preview:large","max-video-preview":"max-video-preview:-1"},"canonical":"https:\/\/www.nanox.vision\/fr\/oem\/","og_locale":"fr_FR","og_type":"article","og_title":"OEM - Nanox","og_description":"Adapter notre technologie de source de rayons X aux syst\u00e8mes d\u2019imagerie tiers dans tous les secteurs Nous proposons des solutions de sources de rayons X sur mesure pour les fabricants d\u2019appareils d\u2019imagerie m\u00e9dicale ou conc\u00e9dons sous licence notre technologie de sources de rayons X pour le d\u00e9veloppement de nouveaux syst\u00e8mes d\u2019imagerie.","og_url":"https:\/\/www.nanox.vision\/fr\/oem\/","og_site_name":"Nanox","article_publisher":"https:\/\/www.facebook.com\/NanoxVision\/","article_modified_time":"2026-01-28T12:48:56+00:00","og_image":[{"width":873,"height":480,"url":"https:\/\/www.nanox.vision\/wp-content\/uploads\/2024\/10\/plazma-oem.jpg","type":"image\/jpeg"}],"twitter_card":"summary_large_image","twitter_site":"@nanox_vision","schema":{"@context":"https:\/\/schema.org","@graph":[{"@type":"WebPage","@id":"https:\/\/www.nanox.vision\/fr\/oem\/","url":"https:\/\/www.nanox.vision\/fr\/oem\/","name":"OEM - Nanox","isPartOf":{"@id":"https:\/\/www.nanox.vision\/fr\/#website"},"primaryImageOfPage":{"@id":"https:\/\/www.nanox.vision\/fr\/oem\/#primaryimage"},"image":{"@id":"https:\/\/www.nanox.vision\/fr\/oem\/#primaryimage"},"thumbnailUrl":"https:\/\/www.nanox.vision\/wp-content\/uploads\/2024\/10\/plazma-oem.jpg","datePublished":"2024-10-11T18:13:25+00:00","dateModified":"2026-01-28T12:48:56+00:00","breadcrumb":{"@id":"https:\/\/www.nanox.vision\/fr\/oem\/#breadcrumb"},"inLanguage":"fr-FR","potentialAction":[{"@type":"ReadAction","target":["https:\/\/www.nanox.vision\/fr\/oem\/"]}]},{"@type":"ImageObject","inLanguage":"fr-FR","@id":"https:\/\/www.nanox.vision\/fr\/oem\/#primaryimage","url":"https:\/\/www.nanox.vision\/wp-content\/uploads\/2024\/10\/plazma-oem.jpg","contentUrl":"https:\/\/www.nanox.vision\/wp-content\/uploads\/2024\/10\/plazma-oem.jpg","width":873,"height":480},{"@type":"BreadcrumbList","@id":"https:\/\/www.nanox.vision\/fr\/oem\/#breadcrumb","itemListElement":[{"@type":"ListItem","position":1,"name":"Home","item":"https:\/\/www.nanox.vision\/fr\/"},{"@type":"ListItem","position":2,"name":"OEM"}]},{"@type":"WebSite","@id":"https:\/\/www.nanox.vision\/fr\/#website","url":"https:\/\/www.nanox.vision\/fr\/","name":"Nanox","description":"","publisher":{"@id":"https:\/\/www.nanox.vision\/fr\/#organization"},"potentialAction":[{"@type":"SearchAction","target":{"@type":"EntryPoint","urlTemplate":"https:\/\/www.nanox.vision\/fr\/?s={search_term_string}"},"query-input":{"@type":"PropertyValueSpecification","valueRequired":true,"valueName":"search_term_string"}}],"inLanguage":"fr-FR"},{"@type":"Organization","@id":"https:\/\/www.nanox.vision\/fr\/#organization","name":"Nanox","url":"https:\/\/www.nanox.vision\/fr\/","logo":{"@type":"ImageObject","inLanguage":"fr-FR","@id":"https:\/\/www.nanox.vision\/fr\/#\/schema\/logo\/image\/","url":"https:\/\/www.nanox.vision\/wp-content\/uploads\/2024\/10\/nanox-logo.png","contentUrl":"https:\/\/www.nanox.vision\/wp-content\/uploads\/2024\/10\/nanox-logo.png","width":153,"height":141,"caption":"Nanox"},"image":{"@id":"https:\/\/www.nanox.vision\/fr\/#\/schema\/logo\/image\/"},"sameAs":["https:\/\/www.facebook.com\/NanoxVision\/","https:\/\/x.com\/nanox_vision"]}]}},"_links":{"self":[{"href":"https:\/\/www.nanox.vision\/fr\/wp-json\/wp\/v2\/pages\/4241","targetHints":{"allow":["GET"]}}],"collection":[{"href":"https:\/\/www.nanox.vision\/fr\/wp-json\/wp\/v2\/pages"}],"about":[{"href":"https:\/\/www.nanox.vision\/fr\/wp-json\/wp\/v2\/types\/page"}],"author":[{"embeddable":true,"href":"https:\/\/www.nanox.vision\/fr\/wp-json\/wp\/v2\/users\/1"}],"replies":[{"embeddable":true,"href":"https:\/\/www.nanox.vision\/fr\/wp-json\/wp\/v2\/comments?post=4241"}],"version-history":[{"count":3,"href":"https:\/\/www.nanox.vision\/fr\/wp-json\/wp\/v2\/pages\/4241\/revisions"}],"predecessor-version":[{"id":4870,"href":"https:\/\/www.nanox.vision\/fr\/wp-json\/wp\/v2\/pages\/4241\/revisions\/4870"}],"wp:featuredmedia":[{"embeddable":true,"href":"https:\/\/www.nanox.vision\/fr\/wp-json\/wp\/v2\/media\/3412"}],"wp:attachment":[{"href":"https:\/\/www.nanox.vision\/fr\/wp-json\/wp\/v2\/media?parent=4241"}],"curies":[{"name":"wp","href":"https:\/\/api.w.org\/{rel}","templated":true}]}}