{"id":4234,"date":"2024-10-02T18:14:45","date_gmt":"2024-10-02T18:14:45","guid":{"rendered":"https:\/\/www.nanox.vision\/technologie\/"},"modified":"2026-01-28T12:26:47","modified_gmt":"2026-01-28T12:26:47","slug":"technologie","status":"publish","type":"page","link":"https:\/\/www.nanox.vision\/fr\/technologie\/","title":{"rendered":"Technologie"},"content":{"rendered":"<h2>Nos familles de brevets<\/h2>\n<p>Nous sommes fiers de d\u00e9tenir <strong>29&nbsp;brevets d\u00e9pos\u00e9s<\/strong>, chacun marquant un bond significatif dans l\u2019innovation technologique. Ces brevets couvrent des domaines divers, <strong>d\u00e9montrant notre engagement \u00e0 faire progresser les techniques d\u2019imagerie<\/strong>, les algorithmes d\u2019IA, les solutions mat\u00e9rielles et les cadres logiciels. Ils refl\u00e8tent notre volont\u00e9 d\u2019excellence et garantissent notre avantage concurrentiel tout en propulsant l\u2019industrie vers l\u2019avant. Avec ce vaste portefeuille de brevets, <strong>nous sommes leaders dans la conduite de changements transformateurs et dans l\u2019\u00e9tablissement de nouvelles normes en mati\u00e8re d\u2019innovation<\/strong>. <\/p>\n","protected":false},"excerpt":{"rendered":"<p>Nos familles de brevets Nous sommes fiers de d\u00e9tenir 29&nbsp;brevets d\u00e9pos\u00e9s, chacun marquant un bond significatif dans l\u2019innovation technologique. Ces brevets couvrent des domaines divers, d\u00e9montrant notre engagement \u00e0 faire progresser les techniques d\u2019imagerie, les algorithmes d\u2019IA, les solutions mat\u00e9rielles et les cadres logiciels. Ils refl\u00e8tent notre volont\u00e9 d\u2019excellence et garantissent notre avantage concurrentiel tout &hellip; <\/p>\n<p class=\"link-more\"><a href=\"https:\/\/www.nanox.vision\/fr\/technologie\/\" class=\"more-link\">Continue reading<span class=\"screen-reader-text\"> \u00ab\u00a0Technologie\u00a0\u00bb<\/span><\/a><\/p>\n","protected":false},"author":1,"featured_media":3212,"parent":0,"menu_order":50,"comment_status":"closed","ping_status":"closed","template":"page-technology.php","meta":{"_acf_changed":false,"footnotes":""},"class_list":["post-4234","page","type-page","status-publish","has-post-thumbnail","hentry"],"acf":[],"yoast_head":"<!-- This site is optimized with the Yoast SEO plugin v27.5 - https:\/\/yoast.com\/product\/yoast-seo-wordpress\/ -->\n<title>Technologie - Nanox<\/title>\n<meta name=\"robots\" content=\"index, follow, max-snippet:-1, max-image-preview:large, max-video-preview:-1\" \/>\n<link rel=\"canonical\" href=\"https:\/\/www.nanox.vision\/fr\/technologie\/\" \/>\n<meta property=\"og:locale\" content=\"fr_FR\" \/>\n<meta property=\"og:type\" content=\"article\" \/>\n<meta property=\"og:title\" content=\"Technologie - Nanox\" \/>\n<meta property=\"og:description\" content=\"Nos familles de brevets Nous sommes fiers de d\u00e9tenir 29&nbsp;brevets d\u00e9pos\u00e9s, chacun marquant un bond significatif dans l\u2019innovation technologique. Ces brevets couvrent des domaines divers, d\u00e9montrant notre engagement \u00e0 faire progresser les techniques d\u2019imagerie, les algorithmes d\u2019IA, les solutions mat\u00e9rielles et les cadres logiciels. Ils refl\u00e8tent notre volont\u00e9 d\u2019excellence et garantissent notre avantage concurrentiel tout &hellip; Continue reading &quot;Technologie&quot;\" \/>\n<meta property=\"og:url\" content=\"https:\/\/www.nanox.vision\/fr\/technologie\/\" \/>\n<meta property=\"og:site_name\" content=\"Nanox\" \/>\n<meta property=\"article:publisher\" content=\"https:\/\/www.facebook.com\/NanoxVision\/\" \/>\n<meta property=\"article:modified_time\" content=\"2026-01-28T12:26:47+00:00\" \/>\n<meta property=\"og:image\" content=\"https:\/\/www.nanox.vision\/wp-content\/uploads\/2024\/10\/hero-technology.jpg\" \/>\n\t<meta property=\"og:image:width\" content=\"1080\" \/>\n\t<meta property=\"og:image:height\" content=\"480\" \/>\n\t<meta property=\"og:image:type\" content=\"image\/jpeg\" \/>\n<meta name=\"twitter:card\" content=\"summary_large_image\" \/>\n<meta name=\"twitter:site\" content=\"@nanox_vision\" \/>\n<!-- \/ Yoast SEO plugin. -->","yoast_head_json":{"title":"Technologie - Nanox","robots":{"index":"index","follow":"follow","max-snippet":"max-snippet:-1","max-image-preview":"max-image-preview:large","max-video-preview":"max-video-preview:-1"},"canonical":"https:\/\/www.nanox.vision\/fr\/technologie\/","og_locale":"fr_FR","og_type":"article","og_title":"Technologie - Nanox","og_description":"Nos familles de brevets Nous sommes fiers de d\u00e9tenir 29&nbsp;brevets d\u00e9pos\u00e9s, chacun marquant un bond significatif dans l\u2019innovation technologique. Ces brevets couvrent des domaines divers, d\u00e9montrant notre engagement \u00e0 faire progresser les techniques d\u2019imagerie, les algorithmes d\u2019IA, les solutions mat\u00e9rielles et les cadres logiciels. Ils refl\u00e8tent notre volont\u00e9 d\u2019excellence et garantissent notre avantage concurrentiel tout &hellip; Continue reading \"Technologie\"","og_url":"https:\/\/www.nanox.vision\/fr\/technologie\/","og_site_name":"Nanox","article_publisher":"https:\/\/www.facebook.com\/NanoxVision\/","article_modified_time":"2026-01-28T12:26:47+00:00","og_image":[{"width":1080,"height":480,"url":"https:\/\/www.nanox.vision\/wp-content\/uploads\/2024\/10\/hero-technology.jpg","type":"image\/jpeg"}],"twitter_card":"summary_large_image","twitter_site":"@nanox_vision","schema":{"@context":"https:\/\/schema.org","@graph":[{"@type":"WebPage","@id":"https:\/\/www.nanox.vision\/fr\/technologie\/","url":"https:\/\/www.nanox.vision\/fr\/technologie\/","name":"Technologie - Nanox","isPartOf":{"@id":"https:\/\/www.nanox.vision\/fr\/#website"},"primaryImageOfPage":{"@id":"https:\/\/www.nanox.vision\/fr\/technologie\/#primaryimage"},"image":{"@id":"https:\/\/www.nanox.vision\/fr\/technologie\/#primaryimage"},"thumbnailUrl":"https:\/\/www.nanox.vision\/wp-content\/uploads\/2024\/10\/hero-technology.jpg","datePublished":"2024-10-02T18:14:45+00:00","dateModified":"2026-01-28T12:26:47+00:00","breadcrumb":{"@id":"https:\/\/www.nanox.vision\/fr\/technologie\/#breadcrumb"},"inLanguage":"fr-FR","potentialAction":[{"@type":"ReadAction","target":["https:\/\/www.nanox.vision\/fr\/technologie\/"]}]},{"@type":"ImageObject","inLanguage":"fr-FR","@id":"https:\/\/www.nanox.vision\/fr\/technologie\/#primaryimage","url":"https:\/\/www.nanox.vision\/wp-content\/uploads\/2024\/10\/hero-technology.jpg","contentUrl":"https:\/\/www.nanox.vision\/wp-content\/uploads\/2024\/10\/hero-technology.jpg","width":1080,"height":480},{"@type":"BreadcrumbList","@id":"https:\/\/www.nanox.vision\/fr\/technologie\/#breadcrumb","itemListElement":[{"@type":"ListItem","position":1,"name":"Home","item":"https:\/\/www.nanox.vision\/fr\/"},{"@type":"ListItem","position":2,"name":"Technologie"}]},{"@type":"WebSite","@id":"https:\/\/www.nanox.vision\/fr\/#website","url":"https:\/\/www.nanox.vision\/fr\/","name":"Nanox","description":"","publisher":{"@id":"https:\/\/www.nanox.vision\/fr\/#organization"},"potentialAction":[{"@type":"SearchAction","target":{"@type":"EntryPoint","urlTemplate":"https:\/\/www.nanox.vision\/fr\/?s={search_term_string}"},"query-input":{"@type":"PropertyValueSpecification","valueRequired":true,"valueName":"search_term_string"}}],"inLanguage":"fr-FR"},{"@type":"Organization","@id":"https:\/\/www.nanox.vision\/fr\/#organization","name":"Nanox","url":"https:\/\/www.nanox.vision\/fr\/","logo":{"@type":"ImageObject","inLanguage":"fr-FR","@id":"https:\/\/www.nanox.vision\/fr\/#\/schema\/logo\/image\/","url":"https:\/\/www.nanox.vision\/wp-content\/uploads\/2024\/10\/nanox-logo.png","contentUrl":"https:\/\/www.nanox.vision\/wp-content\/uploads\/2024\/10\/nanox-logo.png","width":153,"height":141,"caption":"Nanox"},"image":{"@id":"https:\/\/www.nanox.vision\/fr\/#\/schema\/logo\/image\/"},"sameAs":["https:\/\/www.facebook.com\/NanoxVision\/","https:\/\/x.com\/nanox_vision"]}]}},"_links":{"self":[{"href":"https:\/\/www.nanox.vision\/fr\/wp-json\/wp\/v2\/pages\/4234","targetHints":{"allow":["GET"]}}],"collection":[{"href":"https:\/\/www.nanox.vision\/fr\/wp-json\/wp\/v2\/pages"}],"about":[{"href":"https:\/\/www.nanox.vision\/fr\/wp-json\/wp\/v2\/types\/page"}],"author":[{"embeddable":true,"href":"https:\/\/www.nanox.vision\/fr\/wp-json\/wp\/v2\/users\/1"}],"replies":[{"embeddable":true,"href":"https:\/\/www.nanox.vision\/fr\/wp-json\/wp\/v2\/comments?post=4234"}],"version-history":[{"count":4,"href":"https:\/\/www.nanox.vision\/fr\/wp-json\/wp\/v2\/pages\/4234\/revisions"}],"predecessor-version":[{"id":6361,"href":"https:\/\/www.nanox.vision\/fr\/wp-json\/wp\/v2\/pages\/4234\/revisions\/6361"}],"wp:featuredmedia":[{"embeddable":true,"href":"https:\/\/www.nanox.vision\/fr\/wp-json\/wp\/v2\/media\/3212"}],"wp:attachment":[{"href":"https:\/\/www.nanox.vision\/fr\/wp-json\/wp\/v2\/media?parent=4234"}],"curies":[{"name":"wp","href":"https:\/\/api.w.org\/{rel}","templated":true}]}}