{"id":6193,"date":"2025-09-03T09:59:03","date_gmt":"2025-09-03T09:59:03","guid":{"rendered":"https:\/\/www.nanox.vision\/adopt-research-publications\/"},"modified":"2026-01-15T14:18:09","modified_gmt":"2026-01-15T14:18:09","slug":"adopt-research-publications","status":"publish","type":"page","link":"https:\/\/www.nanox.vision\/es\/adopt-research-publications\/","title":{"rendered":"ADOPT Research Publications"},"content":{"rendered":"<h2 style=\"text-align: left; line-height: 1.5;\">El estudio ADOPT (Detecci\u00f3n de Osteoporosis para Tratamiento mediante IA), financiado por el NIHR y el NHSE, utiliza una v\u00eda cl\u00ednica de FLS asistida por IA implementada en varios centros del NHS y tiene como objetivo describir lo siguiente:<\/h2>\n<ul>\n<li style=\"text-align: left;\">\n<div role=\"presentation\">el rendimiento de la plataforma de identificaci\u00f3n de fracturas vertebrales habilitada por IA en comparaci\u00f3n con los informes de radiolog\u00eda del NHS y los lectores locales.<\/div>\n<\/li>\n<li style=\"text-align: left;\">\n<div role=\"presentation\">la implementaci\u00f3n de un software de IA en los hospitales del NHS para desarrollar un conjunto de herramientas de apoyo.<\/div>\n<\/li>\n<li style=\"text-align: left;\">\n<div role=\"presentation\">c\u00f3mo la v\u00eda AI-FLS mejora los indicadores clave de rendimiento para la identificaci\u00f3n, evaluaci\u00f3n, recomendaci\u00f3n de tratamiento y cumplimiento del paciente.<\/div>\n<\/li>\n<li>\n<div style=\"text-align: left;\" role=\"presentation\">evaluar la efectividad cl\u00ednica y la relaci\u00f3n coste-efectividad de la ruta asistencial basada en IA para las Unidades de Enlace de Fracturas (FLS).<\/div>\n<\/li>\n<\/ul>\n<p style=\"text-align: left;\">Dirigido por <a href=\"https:\/\/www.ndorms.ox.ac.uk\/team\/kassim-javaid\" target=\"_blank\" rel=\"noopener noreferrer\" data-stringify-link=\"https:\/\/www.ndorms.ox.ac.uk\/team\/kassim-javaid\" data-sk=\"tooltip_parent\">Kassim Javaid<\/a>, Profesor de Osteoporosis y Enfermedades \u00d3seas Raras en Adultos<\/p>\n","protected":false},"excerpt":{"rendered":"<p>El estudio ADOPT (Detecci\u00f3n de Osteoporosis para Tratamiento mediante IA), financiado por el NIHR y el NHSE, utiliza una v\u00eda cl\u00ednica de FLS asistida por IA implementada en varios centros del NHS y tiene como objetivo describir lo siguiente: el rendimiento de la plataforma de identificaci\u00f3n de fracturas vertebrales habilitada por IA en comparaci\u00f3n con &hellip; <\/p>\n<p class=\"link-more\"><a href=\"https:\/\/www.nanox.vision\/es\/adopt-research-publications\/\" class=\"more-link\">Continue reading<span class=\"screen-reader-text\"> \u00abADOPT Research Publications\u00bb<\/span><\/a><\/p>\n","protected":false},"author":1,"featured_media":3727,"parent":0,"menu_order":4,"comment_status":"closed","ping_status":"closed","template":"page-landing20259.php","meta":{"_acf_changed":false,"footnotes":""},"class_list":["post-6193","page","type-page","status-publish","has-post-thumbnail","hentry"],"acf":[],"yoast_head":"<!-- This site is optimized with the Yoast SEO plugin v27.3 - https:\/\/yoast.com\/product\/yoast-seo-wordpress\/ -->\n<title>ADOPT Research Publications - Nanox<\/title>\n<meta name=\"robots\" content=\"index, follow, max-snippet:-1, max-image-preview:large, max-video-preview:-1\" \/>\n<link rel=\"canonical\" href=\"https:\/\/www.nanox.vision\/es\/adopt-research-publications\/\" \/>\n<meta property=\"og:locale\" content=\"es_ES\" \/>\n<meta property=\"og:type\" content=\"article\" \/>\n<meta property=\"og:title\" content=\"ADOPT Research Publications - Nanox\" \/>\n<meta property=\"og:description\" content=\"El estudio ADOPT (Detecci\u00f3n de Osteoporosis para Tratamiento mediante IA), financiado por el NIHR y el NHSE, utiliza una v\u00eda cl\u00ednica de FLS asistida por IA implementada en varios centros del NHS y tiene como objetivo describir lo siguiente: el rendimiento de la plataforma de identificaci\u00f3n de fracturas vertebrales habilitada por IA en comparaci\u00f3n con &hellip; Continue reading &quot;ADOPT Research Publications&quot;\" \/>\n<meta property=\"og:url\" content=\"https:\/\/www.nanox.vision\/es\/adopt-research-publications\/\" \/>\n<meta property=\"og:site_name\" content=\"Nanox\" \/>\n<meta property=\"article:publisher\" content=\"https:\/\/www.facebook.com\/NanoxVision\/\" \/>\n<meta property=\"article:modified_time\" content=\"2026-01-15T14:18:09+00:00\" \/>\n<meta name=\"twitter:card\" content=\"summary_large_image\" \/>\n<meta name=\"twitter:site\" content=\"@nanox_vision\" \/>\n<meta name=\"twitter:label1\" content=\"Tiempo de lectura\" \/>\n\t<meta name=\"twitter:data1\" content=\"1 minuto\" \/>\n<!-- \/ Yoast SEO plugin. -->","yoast_head_json":{"title":"ADOPT Research Publications - Nanox","robots":{"index":"index","follow":"follow","max-snippet":"max-snippet:-1","max-image-preview":"max-image-preview:large","max-video-preview":"max-video-preview:-1"},"canonical":"https:\/\/www.nanox.vision\/es\/adopt-research-publications\/","og_locale":"es_ES","og_type":"article","og_title":"ADOPT Research Publications - Nanox","og_description":"El estudio ADOPT (Detecci\u00f3n de Osteoporosis para Tratamiento mediante IA), financiado por el NIHR y el NHSE, utiliza una v\u00eda cl\u00ednica de FLS asistida por IA implementada en varios centros del NHS y tiene como objetivo describir lo siguiente: el rendimiento de la plataforma de identificaci\u00f3n de fracturas vertebrales habilitada por IA en comparaci\u00f3n con &hellip; Continue reading \"ADOPT Research Publications\"","og_url":"https:\/\/www.nanox.vision\/es\/adopt-research-publications\/","og_site_name":"Nanox","article_publisher":"https:\/\/www.facebook.com\/NanoxVision\/","article_modified_time":"2026-01-15T14:18:09+00:00","twitter_card":"summary_large_image","twitter_site":"@nanox_vision","twitter_misc":{"Tiempo de lectura":"1 minuto"},"schema":{"@context":"https:\/\/schema.org","@graph":[{"@type":"WebPage","@id":"https:\/\/www.nanox.vision\/es\/adopt-research-publications\/","url":"https:\/\/www.nanox.vision\/es\/adopt-research-publications\/","name":"ADOPT Research Publications - Nanox","isPartOf":{"@id":"https:\/\/www.nanox.vision\/es\/#website"},"primaryImageOfPage":{"@id":"https:\/\/www.nanox.vision\/es\/adopt-research-publications\/#primaryimage"},"image":{"@id":"https:\/\/www.nanox.vision\/es\/adopt-research-publications\/#primaryimage"},"thumbnailUrl":"https:\/\/www.nanox.vision\/wp-content\/uploads\/2024\/11\/plazma-BONE.svg","datePublished":"2025-09-03T09:59:03+00:00","dateModified":"2026-01-15T14:18:09+00:00","breadcrumb":{"@id":"https:\/\/www.nanox.vision\/es\/adopt-research-publications\/#breadcrumb"},"inLanguage":"es","potentialAction":[{"@type":"ReadAction","target":["https:\/\/www.nanox.vision\/es\/adopt-research-publications\/"]}]},{"@type":"ImageObject","inLanguage":"es","@id":"https:\/\/www.nanox.vision\/es\/adopt-research-publications\/#primaryimage","url":"https:\/\/www.nanox.vision\/wp-content\/uploads\/2024\/11\/plazma-BONE.svg","contentUrl":"https:\/\/www.nanox.vision\/wp-content\/uploads\/2024\/11\/plazma-BONE.svg"},{"@type":"BreadcrumbList","@id":"https:\/\/www.nanox.vision\/es\/adopt-research-publications\/#breadcrumb","itemListElement":[{"@type":"ListItem","position":1,"name":"Home","item":"https:\/\/www.nanox.vision\/es\/"},{"@type":"ListItem","position":2,"name":"ADOPT Research Publications"}]},{"@type":"WebSite","@id":"https:\/\/www.nanox.vision\/es\/#website","url":"https:\/\/www.nanox.vision\/es\/","name":"Nanox","description":"","publisher":{"@id":"https:\/\/www.nanox.vision\/es\/#organization"},"potentialAction":[{"@type":"SearchAction","target":{"@type":"EntryPoint","urlTemplate":"https:\/\/www.nanox.vision\/es\/?s={search_term_string}"},"query-input":{"@type":"PropertyValueSpecification","valueRequired":true,"valueName":"search_term_string"}}],"inLanguage":"es"},{"@type":"Organization","@id":"https:\/\/www.nanox.vision\/es\/#organization","name":"Nanox","url":"https:\/\/www.nanox.vision\/es\/","logo":{"@type":"ImageObject","inLanguage":"es","@id":"https:\/\/www.nanox.vision\/es\/#\/schema\/logo\/image\/","url":"https:\/\/www.nanox.vision\/wp-content\/uploads\/2024\/10\/nanox-logo.png","contentUrl":"https:\/\/www.nanox.vision\/wp-content\/uploads\/2024\/10\/nanox-logo.png","width":153,"height":141,"caption":"Nanox"},"image":{"@id":"https:\/\/www.nanox.vision\/es\/#\/schema\/logo\/image\/"},"sameAs":["https:\/\/www.facebook.com\/NanoxVision\/","https:\/\/x.com\/nanox_vision"]}]}},"_links":{"self":[{"href":"https:\/\/www.nanox.vision\/es\/wp-json\/wp\/v2\/pages\/6193","targetHints":{"allow":["GET"]}}],"collection":[{"href":"https:\/\/www.nanox.vision\/es\/wp-json\/wp\/v2\/pages"}],"about":[{"href":"https:\/\/www.nanox.vision\/es\/wp-json\/wp\/v2\/types\/page"}],"author":[{"embeddable":true,"href":"https:\/\/www.nanox.vision\/es\/wp-json\/wp\/v2\/users\/1"}],"replies":[{"embeddable":true,"href":"https:\/\/www.nanox.vision\/es\/wp-json\/wp\/v2\/comments?post=6193"}],"version-history":[{"count":1,"href":"https:\/\/www.nanox.vision\/es\/wp-json\/wp\/v2\/pages\/6193\/revisions"}],"predecessor-version":[{"id":6195,"href":"https:\/\/www.nanox.vision\/es\/wp-json\/wp\/v2\/pages\/6193\/revisions\/6195"}],"wp:featuredmedia":[{"embeddable":true,"href":"https:\/\/www.nanox.vision\/es\/wp-json\/wp\/v2\/media\/3727"}],"wp:attachment":[{"href":"https:\/\/www.nanox.vision\/es\/wp-json\/wp\/v2\/media?parent=6193"}],"curies":[{"name":"wp","href":"https:\/\/api.w.org\/{rel}","templated":true}]}}