{"id":5191,"date":"2025-08-28T12:45:33","date_gmt":"2025-08-28T12:45:33","guid":{"rendered":"https:\/\/www.nanox.vision\/?page_id=5191"},"modified":"2025-08-28T12:45:33","modified_gmt":"2025-08-28T12:45:33","slug":"solucion-osea-con-ia-3","status":"publish","type":"page","link":"https:\/\/www.nanox.vision\/es\/solucion-osea-con-ia-3\/","title":{"rendered":"Soluci\u00f3n \u00f3sea con IA"},"content":{"rendered":"<h2><span data-olk-copy-source=\"MessageBody\">Optimice los datos de tomograf\u00edas computarizadas para la atenci\u00f3n preventiva <\/span><\/h2>\n<p>La soluci\u00f3n \u00f3sea de Nanox.AI proporciona <strong>an\u00e1lisis cualitativos y cuantitativos de la columna<\/strong> a partir de im\u00e1genes de tomograf\u00eda computarizada para ayudar a los m\u00e9dicos en la evaluaci\u00f3n y valoraci\u00f3n de enfermedades musculoesquel\u00e9ticas de la columna<\/p>\n","protected":false},"excerpt":{"rendered":"<p>Optimice los datos de tomograf\u00edas computarizadas para la atenci\u00f3n preventiva La soluci\u00f3n \u00f3sea de Nanox.AI proporciona an\u00e1lisis cualitativos y cuantitativos de la columna a partir de im\u00e1genes de tomograf\u00eda computarizada para ayudar a los m\u00e9dicos en la evaluaci\u00f3n y valoraci\u00f3n de enfermedades musculoesquel\u00e9ticas de la columna<\/p>\n","protected":false},"author":1,"featured_media":3727,"parent":0,"menu_order":61,"comment_status":"closed","ping_status":"closed","template":"page-cardiac.php","meta":{"_acf_changed":false,"footnotes":""},"class_list":["post-5191","page","type-page","status-publish","has-post-thumbnail","hentry"],"acf":[],"yoast_head":"<!-- This site is optimized with the Yoast SEO plugin v27.5 - https:\/\/yoast.com\/product\/yoast-seo-wordpress\/ -->\n<title>Soluci\u00f3n \u00f3sea con IA - Nanox<\/title>\n<meta name=\"robots\" content=\"index, follow, max-snippet:-1, max-image-preview:large, max-video-preview:-1\" \/>\n<link rel=\"canonical\" href=\"https:\/\/www.nanox.vision\/es\/solucion-osea-con-ia-3\/\" \/>\n<meta property=\"og:locale\" content=\"es_ES\" \/>\n<meta property=\"og:type\" content=\"article\" \/>\n<meta property=\"og:title\" content=\"Soluci\u00f3n \u00f3sea con IA - Nanox\" \/>\n<meta property=\"og:description\" content=\"Optimice los datos de tomograf\u00edas computarizadas para la atenci\u00f3n preventiva La soluci\u00f3n \u00f3sea de Nanox.AI proporciona an\u00e1lisis cualitativos y cuantitativos de la columna a partir de im\u00e1genes de tomograf\u00eda computarizada para ayudar a los m\u00e9dicos en la evaluaci\u00f3n y valoraci\u00f3n de enfermedades musculoesquel\u00e9ticas de la columna\" \/>\n<meta property=\"og:url\" content=\"https:\/\/www.nanox.vision\/es\/solucion-osea-con-ia-3\/\" \/>\n<meta property=\"og:site_name\" content=\"Nanox\" \/>\n<meta property=\"article:publisher\" content=\"https:\/\/www.facebook.com\/NanoxVision\/\" \/>\n<meta name=\"twitter:card\" content=\"summary_large_image\" \/>\n<meta name=\"twitter:site\" content=\"@nanox_vision\" \/>\n<!-- \/ Yoast SEO plugin. -->","yoast_head_json":{"title":"Soluci\u00f3n \u00f3sea con IA - Nanox","robots":{"index":"index","follow":"follow","max-snippet":"max-snippet:-1","max-image-preview":"max-image-preview:large","max-video-preview":"max-video-preview:-1"},"canonical":"https:\/\/www.nanox.vision\/es\/solucion-osea-con-ia-3\/","og_locale":"es_ES","og_type":"article","og_title":"Soluci\u00f3n \u00f3sea con IA - Nanox","og_description":"Optimice los datos de tomograf\u00edas computarizadas para la atenci\u00f3n preventiva La soluci\u00f3n \u00f3sea de Nanox.AI proporciona an\u00e1lisis cualitativos y cuantitativos de la columna a partir de im\u00e1genes de tomograf\u00eda computarizada para ayudar a los m\u00e9dicos en la evaluaci\u00f3n y valoraci\u00f3n de enfermedades musculoesquel\u00e9ticas de la columna","og_url":"https:\/\/www.nanox.vision\/es\/solucion-osea-con-ia-3\/","og_site_name":"Nanox","article_publisher":"https:\/\/www.facebook.com\/NanoxVision\/","twitter_card":"summary_large_image","twitter_site":"@nanox_vision","schema":{"@context":"https:\/\/schema.org","@graph":[{"@type":"WebPage","@id":"https:\/\/www.nanox.vision\/es\/solucion-osea-con-ia-3\/","url":"https:\/\/www.nanox.vision\/es\/solucion-osea-con-ia-3\/","name":"Soluci\u00f3n \u00f3sea con IA - Nanox","isPartOf":{"@id":"https:\/\/www.nanox.vision\/es\/#website"},"primaryImageOfPage":{"@id":"https:\/\/www.nanox.vision\/es\/solucion-osea-con-ia-3\/#primaryimage"},"image":{"@id":"https:\/\/www.nanox.vision\/es\/solucion-osea-con-ia-3\/#primaryimage"},"thumbnailUrl":"https:\/\/www.nanox.vision\/wp-content\/uploads\/2024\/11\/plazma-BONE.svg","datePublished":"2025-08-28T12:45:33+00:00","breadcrumb":{"@id":"https:\/\/www.nanox.vision\/es\/solucion-osea-con-ia-3\/#breadcrumb"},"inLanguage":"es","potentialAction":[{"@type":"ReadAction","target":["https:\/\/www.nanox.vision\/es\/solucion-osea-con-ia-3\/"]}]},{"@type":"ImageObject","inLanguage":"es","@id":"https:\/\/www.nanox.vision\/es\/solucion-osea-con-ia-3\/#primaryimage","url":"https:\/\/www.nanox.vision\/wp-content\/uploads\/2024\/11\/plazma-BONE.svg","contentUrl":"https:\/\/www.nanox.vision\/wp-content\/uploads\/2024\/11\/plazma-BONE.svg"},{"@type":"BreadcrumbList","@id":"https:\/\/www.nanox.vision\/es\/solucion-osea-con-ia-3\/#breadcrumb","itemListElement":[{"@type":"ListItem","position":1,"name":"Home","item":"https:\/\/www.nanox.vision\/es\/"},{"@type":"ListItem","position":2,"name":"Soluci\u00f3n \u00f3sea con IA"}]},{"@type":"WebSite","@id":"https:\/\/www.nanox.vision\/es\/#website","url":"https:\/\/www.nanox.vision\/es\/","name":"Nanox","description":"","publisher":{"@id":"https:\/\/www.nanox.vision\/es\/#organization"},"potentialAction":[{"@type":"SearchAction","target":{"@type":"EntryPoint","urlTemplate":"https:\/\/www.nanox.vision\/es\/?s={search_term_string}"},"query-input":{"@type":"PropertyValueSpecification","valueRequired":true,"valueName":"search_term_string"}}],"inLanguage":"es"},{"@type":"Organization","@id":"https:\/\/www.nanox.vision\/es\/#organization","name":"Nanox","url":"https:\/\/www.nanox.vision\/es\/","logo":{"@type":"ImageObject","inLanguage":"es","@id":"https:\/\/www.nanox.vision\/es\/#\/schema\/logo\/image\/","url":"https:\/\/www.nanox.vision\/wp-content\/uploads\/2024\/10\/nanox-logo.png","contentUrl":"https:\/\/www.nanox.vision\/wp-content\/uploads\/2024\/10\/nanox-logo.png","width":153,"height":141,"caption":"Nanox"},"image":{"@id":"https:\/\/www.nanox.vision\/es\/#\/schema\/logo\/image\/"},"sameAs":["https:\/\/www.facebook.com\/NanoxVision\/","https:\/\/x.com\/nanox_vision"]}]}},"_links":{"self":[{"href":"https:\/\/www.nanox.vision\/es\/wp-json\/wp\/v2\/pages\/5191","targetHints":{"allow":["GET"]}}],"collection":[{"href":"https:\/\/www.nanox.vision\/es\/wp-json\/wp\/v2\/pages"}],"about":[{"href":"https:\/\/www.nanox.vision\/es\/wp-json\/wp\/v2\/types\/page"}],"author":[{"embeddable":true,"href":"https:\/\/www.nanox.vision\/es\/wp-json\/wp\/v2\/users\/1"}],"replies":[{"embeddable":true,"href":"https:\/\/www.nanox.vision\/es\/wp-json\/wp\/v2\/comments?post=5191"}],"version-history":[{"count":1,"href":"https:\/\/www.nanox.vision\/es\/wp-json\/wp\/v2\/pages\/5191\/revisions"}],"predecessor-version":[{"id":5194,"href":"https:\/\/www.nanox.vision\/es\/wp-json\/wp\/v2\/pages\/5191\/revisions\/5194"}],"wp:featuredmedia":[{"embeddable":true,"href":"https:\/\/www.nanox.vision\/es\/wp-json\/wp\/v2\/media\/3727"}],"wp:attachment":[{"href":"https:\/\/www.nanox.vision\/es\/wp-json\/wp\/v2\/media?parent=5191"}],"curies":[{"name":"wp","href":"https:\/\/api.w.org\/{rel}","templated":true}]}}