{"id":5049,"date":"2024-09-22T18:13:44","date_gmt":"2024-09-22T18:13:44","guid":{"rendered":"https:\/\/www.nanox.vision\/nanox-ai\/"},"modified":"2026-01-28T11:32:17","modified_gmt":"2026-01-28T11:32:17","slug":"nanox-ai","status":"publish","type":"page","link":"https:\/\/www.nanox.vision\/es\/nanox-ai\/","title":{"rendered":"Nanox.AI"},"content":{"rendered":"","protected":false},"excerpt":{"rendered":"","protected":false},"author":1,"featured_media":3517,"parent":0,"menu_order":40,"comment_status":"closed","ping_status":"closed","template":"page-ai.php","meta":{"_acf_changed":false,"footnotes":""},"class_list":["post-5049","page","type-page","status-publish","has-post-thumbnail","hentry"],"acf":[],"yoast_head":"<!-- This site is optimized with the Yoast SEO plugin v27.5 - https:\/\/yoast.com\/product\/yoast-seo-wordpress\/ -->\n<title>Nanox.AI - Nanox<\/title>\n<meta name=\"description\" content=\"Las soluciones de Nanox basadas en IA est\u00e1n desarrolladas para abordar enfermedades cr\u00f3nicas y agudas de alta prevalencia que afectan a grandes poblaciones en todo el mundo. Aprovechando la tecnolog\u00eda de IA, Nanox AI ayuda a los m\u00e9dicos a extraer informaci\u00f3n cl\u00ednica valiosa y accionable de las im\u00e1genes m\u00e9dicas de rutina que, de otro modo, podr\u00edan pasar desapercibidas,\" \/>\n<meta name=\"robots\" content=\"index, follow, max-snippet:-1, max-image-preview:large, max-video-preview:-1\" \/>\n<link rel=\"canonical\" href=\"https:\/\/www.nanox.vision\/es\/nanox-ai\/\" \/>\n<meta property=\"og:locale\" content=\"es_ES\" \/>\n<meta property=\"og:type\" content=\"article\" \/>\n<meta property=\"og:title\" content=\"Nanox.AI - Nanox\" \/>\n<meta property=\"og:description\" content=\"Las soluciones de Nanox basadas en IA est\u00e1n desarrolladas para abordar enfermedades cr\u00f3nicas y agudas de alta prevalencia que afectan a grandes poblaciones en todo el mundo. Aprovechando la tecnolog\u00eda de IA, Nanox AI ayuda a los m\u00e9dicos a extraer informaci\u00f3n cl\u00ednica valiosa y accionable de las im\u00e1genes m\u00e9dicas de rutina que, de otro modo, podr\u00edan pasar desapercibidas,\" \/>\n<meta property=\"og:url\" content=\"https:\/\/www.nanox.vision\/es\/nanox-ai\/\" \/>\n<meta property=\"og:site_name\" content=\"Nanox\" \/>\n<meta property=\"article:publisher\" content=\"https:\/\/www.facebook.com\/NanoxVision\/\" \/>\n<meta property=\"article:modified_time\" content=\"2026-01-28T11:32:17+00:00\" \/>\n<meta property=\"og:image\" content=\"https:\/\/www.nanox.vision\/wp-content\/uploads\/2024\/11\/hero-ai-2.jpg\" \/>\n\t<meta property=\"og:image:width\" content=\"1116\" \/>\n\t<meta property=\"og:image:height\" content=\"480\" \/>\n\t<meta property=\"og:image:type\" content=\"image\/jpeg\" \/>\n<meta name=\"twitter:card\" content=\"summary_large_image\" \/>\n<meta name=\"twitter:site\" content=\"@nanox_vision\" \/>\n<!-- \/ Yoast SEO plugin. -->","yoast_head_json":{"title":"Nanox.AI - Nanox","description":"Las soluciones de Nanox basadas en IA est\u00e1n desarrolladas para abordar enfermedades cr\u00f3nicas y agudas de alta prevalencia que afectan a grandes poblaciones en todo el mundo. Aprovechando la tecnolog\u00eda de IA, Nanox AI ayuda a los m\u00e9dicos a extraer informaci\u00f3n cl\u00ednica valiosa y accionable de las im\u00e1genes m\u00e9dicas de rutina que, de otro modo, podr\u00edan pasar desapercibidas,","robots":{"index":"index","follow":"follow","max-snippet":"max-snippet:-1","max-image-preview":"max-image-preview:large","max-video-preview":"max-video-preview:-1"},"canonical":"https:\/\/www.nanox.vision\/es\/nanox-ai\/","og_locale":"es_ES","og_type":"article","og_title":"Nanox.AI - Nanox","og_description":"Las soluciones de Nanox basadas en IA est\u00e1n desarrolladas para abordar enfermedades cr\u00f3nicas y agudas de alta prevalencia que afectan a grandes poblaciones en todo el mundo. Aprovechando la tecnolog\u00eda de IA, Nanox AI ayuda a los m\u00e9dicos a extraer informaci\u00f3n cl\u00ednica valiosa y accionable de las im\u00e1genes m\u00e9dicas de rutina que, de otro modo, podr\u00edan pasar desapercibidas,","og_url":"https:\/\/www.nanox.vision\/es\/nanox-ai\/","og_site_name":"Nanox","article_publisher":"https:\/\/www.facebook.com\/NanoxVision\/","article_modified_time":"2026-01-28T11:32:17+00:00","og_image":[{"width":1116,"height":480,"url":"https:\/\/www.nanox.vision\/wp-content\/uploads\/2024\/11\/hero-ai-2.jpg","type":"image\/jpeg"}],"twitter_card":"summary_large_image","twitter_site":"@nanox_vision","schema":{"@context":"https:\/\/schema.org","@graph":[{"@type":"WebPage","@id":"https:\/\/www.nanox.vision\/es\/nanox-ai\/","url":"https:\/\/www.nanox.vision\/es\/nanox-ai\/","name":"Nanox.AI - Nanox","isPartOf":{"@id":"https:\/\/www.nanox.vision\/es\/#website"},"primaryImageOfPage":{"@id":"https:\/\/www.nanox.vision\/es\/nanox-ai\/#primaryimage"},"image":{"@id":"https:\/\/www.nanox.vision\/es\/nanox-ai\/#primaryimage"},"thumbnailUrl":"https:\/\/www.nanox.vision\/wp-content\/uploads\/2024\/11\/hero-ai-2.jpg","datePublished":"2024-09-22T18:13:44+00:00","dateModified":"2026-01-28T11:32:17+00:00","description":"Las soluciones de Nanox basadas en IA est\u00e1n desarrolladas para abordar enfermedades cr\u00f3nicas y agudas de alta prevalencia que afectan a grandes poblaciones en todo el mundo. Aprovechando la tecnolog\u00eda de IA, Nanox AI ayuda a los m\u00e9dicos a extraer informaci\u00f3n cl\u00ednica valiosa y accionable de las im\u00e1genes m\u00e9dicas de rutina que, de otro modo, podr\u00edan pasar desapercibidas,","breadcrumb":{"@id":"https:\/\/www.nanox.vision\/es\/nanox-ai\/#breadcrumb"},"inLanguage":"es","potentialAction":[{"@type":"ReadAction","target":["https:\/\/www.nanox.vision\/es\/nanox-ai\/"]}]},{"@type":"ImageObject","inLanguage":"es","@id":"https:\/\/www.nanox.vision\/es\/nanox-ai\/#primaryimage","url":"https:\/\/www.nanox.vision\/wp-content\/uploads\/2024\/11\/hero-ai-2.jpg","contentUrl":"https:\/\/www.nanox.vision\/wp-content\/uploads\/2024\/11\/hero-ai-2.jpg","width":1116,"height":480},{"@type":"BreadcrumbList","@id":"https:\/\/www.nanox.vision\/es\/nanox-ai\/#breadcrumb","itemListElement":[{"@type":"ListItem","position":1,"name":"Home","item":"https:\/\/www.nanox.vision\/es\/"},{"@type":"ListItem","position":2,"name":"Nanox.AI"}]},{"@type":"WebSite","@id":"https:\/\/www.nanox.vision\/es\/#website","url":"https:\/\/www.nanox.vision\/es\/","name":"Nanox","description":"","publisher":{"@id":"https:\/\/www.nanox.vision\/es\/#organization"},"potentialAction":[{"@type":"SearchAction","target":{"@type":"EntryPoint","urlTemplate":"https:\/\/www.nanox.vision\/es\/?s={search_term_string}"},"query-input":{"@type":"PropertyValueSpecification","valueRequired":true,"valueName":"search_term_string"}}],"inLanguage":"es"},{"@type":"Organization","@id":"https:\/\/www.nanox.vision\/es\/#organization","name":"Nanox","url":"https:\/\/www.nanox.vision\/es\/","logo":{"@type":"ImageObject","inLanguage":"es","@id":"https:\/\/www.nanox.vision\/es\/#\/schema\/logo\/image\/","url":"https:\/\/www.nanox.vision\/wp-content\/uploads\/2024\/10\/nanox-logo.png","contentUrl":"https:\/\/www.nanox.vision\/wp-content\/uploads\/2024\/10\/nanox-logo.png","width":153,"height":141,"caption":"Nanox"},"image":{"@id":"https:\/\/www.nanox.vision\/es\/#\/schema\/logo\/image\/"},"sameAs":["https:\/\/www.facebook.com\/NanoxVision\/","https:\/\/x.com\/nanox_vision"]}]}},"_links":{"self":[{"href":"https:\/\/www.nanox.vision\/es\/wp-json\/wp\/v2\/pages\/5049","targetHints":{"allow":["GET"]}}],"collection":[{"href":"https:\/\/www.nanox.vision\/es\/wp-json\/wp\/v2\/pages"}],"about":[{"href":"https:\/\/www.nanox.vision\/es\/wp-json\/wp\/v2\/types\/page"}],"author":[{"embeddable":true,"href":"https:\/\/www.nanox.vision\/es\/wp-json\/wp\/v2\/users\/1"}],"replies":[{"embeddable":true,"href":"https:\/\/www.nanox.vision\/es\/wp-json\/wp\/v2\/comments?post=5049"}],"version-history":[{"count":1,"href":"https:\/\/www.nanox.vision\/es\/wp-json\/wp\/v2\/pages\/5049\/revisions"}],"predecessor-version":[{"id":5085,"href":"https:\/\/www.nanox.vision\/es\/wp-json\/wp\/v2\/pages\/5049\/revisions\/5085"}],"wp:featuredmedia":[{"embeddable":true,"href":"https:\/\/www.nanox.vision\/es\/wp-json\/wp\/v2\/media\/3517"}],"wp:attachment":[{"href":"https:\/\/www.nanox.vision\/es\/wp-json\/wp\/v2\/media?parent=5049"}],"curies":[{"name":"wp","href":"https:\/\/api.w.org\/{rel}","templated":true}]}}