{"id":5048,"date":"2024-10-18T20:30:57","date_gmt":"2024-10-18T20:30:57","guid":{"rendered":"https:\/\/www.nanox.vision\/solucion-cardiaca-con-ia\/"},"modified":"2026-01-28T13:53:50","modified_gmt":"2026-01-28T13:53:50","slug":"solucion-cardiaca-con-ia","status":"publish","type":"page","link":"https:\/\/www.nanox.vision\/es\/solucion-cardiaca-con-ia\/","title":{"rendered":"Soluci\u00f3n card\u00edaca con IA"},"content":{"rendered":"<h2>De tomograf\u00edas computarizadas rutinarias <br \/>a la atenci\u00f3n card\u00edaca<\/h2>\n<p>La soluci\u00f3n card\u00edaca de Nanox.AI analiza tomograf\u00edas computarizadas de t\u00f3rax sin contraste y sin sincronizaci\u00f3n con ECG.<strong><span data-olk-copy-source=\"MessageBody\"> Mide y visualiza autom\u00e1ticamente la placa calcificada en las arterias coronarias,<\/span><\/strong> proporcionando una puntuaci\u00f3n num\u00e9rica de calcio* y una categorizaci\u00f3n basada en las tomograf\u00edas computarizadas de t\u00f3rax rutinarias,<strong><span data-olk-copy-source=\"MessageBody\"> integrando los resultados de manera fluida en el informe de radiolog\u00eda y en el sistema de EMR.<\/span><\/strong><\/p>\n<p><strong> <\/strong><\/p>\n<p><span style=\"font-size: 10pt;\">*Puntuaci\u00f3n num\u00e9rica de calcio para HealthCCSng V.2 Aprobaci\u00f3n de la FDA 510(k) \u00fanicamente <\/span><strong><br \/><\/strong><\/p>\n","protected":false},"excerpt":{"rendered":"<p>De tomograf\u00edas computarizadas rutinarias a la atenci\u00f3n card\u00edaca La soluci\u00f3n card\u00edaca de Nanox.AI analiza tomograf\u00edas computarizadas de t\u00f3rax sin contraste y sin sincronizaci\u00f3n con ECG. Mide y visualiza autom\u00e1ticamente la placa calcificada en las arterias coronarias, proporcionando una puntuaci\u00f3n num\u00e9rica de calcio* y una categorizaci\u00f3n basada en las tomograf\u00edas computarizadas de t\u00f3rax rutinarias, integrando los &hellip; <\/p>\n<p class=\"link-more\"><a href=\"https:\/\/www.nanox.vision\/es\/solucion-cardiaca-con-ia\/\" class=\"more-link\">Continue reading<span class=\"screen-reader-text\"> \u00abSoluci\u00f3n card\u00edaca con IA\u00bb<\/span><\/a><\/p>\n","protected":false},"author":1,"featured_media":3379,"parent":0,"menu_order":60,"comment_status":"closed","ping_status":"closed","template":"page-cardiac.php","meta":{"_acf_changed":false,"footnotes":""},"class_list":["post-5048","page","type-page","status-publish","has-post-thumbnail","hentry"],"acf":[],"yoast_head":"<!-- This site is optimized with the Yoast SEO plugin v27.5 - https:\/\/yoast.com\/product\/yoast-seo-wordpress\/ -->\n<title>Soluci\u00f3n card\u00edaca con IA - Nanox<\/title>\n<meta name=\"robots\" content=\"index, follow, max-snippet:-1, max-image-preview:large, max-video-preview:-1\" \/>\n<link rel=\"canonical\" href=\"https:\/\/www.nanox.vision\/es\/solucion-cardiaca-con-ia\/\" \/>\n<meta property=\"og:locale\" content=\"es_ES\" \/>\n<meta property=\"og:type\" content=\"article\" \/>\n<meta property=\"og:title\" content=\"Soluci\u00f3n card\u00edaca con IA - Nanox\" \/>\n<meta property=\"og:description\" content=\"De tomograf\u00edas computarizadas rutinarias a la atenci\u00f3n card\u00edaca La soluci\u00f3n card\u00edaca de Nanox.AI analiza tomograf\u00edas computarizadas de t\u00f3rax sin contraste y sin sincronizaci\u00f3n con ECG. Mide y visualiza autom\u00e1ticamente la placa calcificada en las arterias coronarias, proporcionando una puntuaci\u00f3n num\u00e9rica de calcio* y una categorizaci\u00f3n basada en las tomograf\u00edas computarizadas de t\u00f3rax rutinarias, integrando los &hellip; Continue reading &quot;Soluci\u00f3n card\u00edaca con IA&quot;\" \/>\n<meta property=\"og:url\" content=\"https:\/\/www.nanox.vision\/es\/solucion-cardiaca-con-ia\/\" \/>\n<meta property=\"og:site_name\" content=\"Nanox\" \/>\n<meta property=\"article:publisher\" content=\"https:\/\/www.facebook.com\/NanoxVision\/\" \/>\n<meta property=\"article:modified_time\" content=\"2026-01-28T13:53:50+00:00\" \/>\n<meta property=\"og:image\" content=\"https:\/\/www.nanox.vision\/wp-content\/uploads\/2024\/10\/ai-cardiac.jpg\" \/>\n\t<meta property=\"og:image:width\" content=\"939\" \/>\n\t<meta property=\"og:image:height\" content=\"480\" \/>\n\t<meta property=\"og:image:type\" content=\"image\/jpeg\" \/>\n<meta name=\"twitter:card\" content=\"summary_large_image\" \/>\n<meta name=\"twitter:site\" content=\"@nanox_vision\" \/>\n<meta name=\"twitter:label1\" content=\"Tiempo de lectura\" \/>\n\t<meta name=\"twitter:data1\" content=\"1 minuto\" \/>\n<!-- \/ Yoast SEO plugin. -->","yoast_head_json":{"title":"Soluci\u00f3n card\u00edaca con IA - Nanox","robots":{"index":"index","follow":"follow","max-snippet":"max-snippet:-1","max-image-preview":"max-image-preview:large","max-video-preview":"max-video-preview:-1"},"canonical":"https:\/\/www.nanox.vision\/es\/solucion-cardiaca-con-ia\/","og_locale":"es_ES","og_type":"article","og_title":"Soluci\u00f3n card\u00edaca con IA - Nanox","og_description":"De tomograf\u00edas computarizadas rutinarias a la atenci\u00f3n card\u00edaca La soluci\u00f3n card\u00edaca de Nanox.AI analiza tomograf\u00edas computarizadas de t\u00f3rax sin contraste y sin sincronizaci\u00f3n con ECG. Mide y visualiza autom\u00e1ticamente la placa calcificada en las arterias coronarias, proporcionando una puntuaci\u00f3n num\u00e9rica de calcio* y una categorizaci\u00f3n basada en las tomograf\u00edas computarizadas de t\u00f3rax rutinarias, integrando los &hellip; Continue reading \"Soluci\u00f3n card\u00edaca con IA\"","og_url":"https:\/\/www.nanox.vision\/es\/solucion-cardiaca-con-ia\/","og_site_name":"Nanox","article_publisher":"https:\/\/www.facebook.com\/NanoxVision\/","article_modified_time":"2026-01-28T13:53:50+00:00","og_image":[{"width":939,"height":480,"url":"https:\/\/www.nanox.vision\/wp-content\/uploads\/2024\/10\/ai-cardiac.jpg","type":"image\/jpeg"}],"twitter_card":"summary_large_image","twitter_site":"@nanox_vision","twitter_misc":{"Tiempo de lectura":"1 minuto"},"schema":{"@context":"https:\/\/schema.org","@graph":[{"@type":"WebPage","@id":"https:\/\/www.nanox.vision\/es\/solucion-cardiaca-con-ia\/","url":"https:\/\/www.nanox.vision\/es\/solucion-cardiaca-con-ia\/","name":"Soluci\u00f3n card\u00edaca con IA - Nanox","isPartOf":{"@id":"https:\/\/www.nanox.vision\/es\/#website"},"primaryImageOfPage":{"@id":"https:\/\/www.nanox.vision\/es\/solucion-cardiaca-con-ia\/#primaryimage"},"image":{"@id":"https:\/\/www.nanox.vision\/es\/solucion-cardiaca-con-ia\/#primaryimage"},"thumbnailUrl":"https:\/\/www.nanox.vision\/wp-content\/uploads\/2024\/10\/ai-cardiac.jpg","datePublished":"2024-10-18T20:30:57+00:00","dateModified":"2026-01-28T13:53:50+00:00","breadcrumb":{"@id":"https:\/\/www.nanox.vision\/es\/solucion-cardiaca-con-ia\/#breadcrumb"},"inLanguage":"es","potentialAction":[{"@type":"ReadAction","target":["https:\/\/www.nanox.vision\/es\/solucion-cardiaca-con-ia\/"]}]},{"@type":"ImageObject","inLanguage":"es","@id":"https:\/\/www.nanox.vision\/es\/solucion-cardiaca-con-ia\/#primaryimage","url":"https:\/\/www.nanox.vision\/wp-content\/uploads\/2024\/10\/ai-cardiac.jpg","contentUrl":"https:\/\/www.nanox.vision\/wp-content\/uploads\/2024\/10\/ai-cardiac.jpg","width":939,"height":480},{"@type":"BreadcrumbList","@id":"https:\/\/www.nanox.vision\/es\/solucion-cardiaca-con-ia\/#breadcrumb","itemListElement":[{"@type":"ListItem","position":1,"name":"Home","item":"https:\/\/www.nanox.vision\/es\/"},{"@type":"ListItem","position":2,"name":"Soluci\u00f3n card\u00edaca con IA"}]},{"@type":"WebSite","@id":"https:\/\/www.nanox.vision\/es\/#website","url":"https:\/\/www.nanox.vision\/es\/","name":"Nanox","description":"","publisher":{"@id":"https:\/\/www.nanox.vision\/es\/#organization"},"potentialAction":[{"@type":"SearchAction","target":{"@type":"EntryPoint","urlTemplate":"https:\/\/www.nanox.vision\/es\/?s={search_term_string}"},"query-input":{"@type":"PropertyValueSpecification","valueRequired":true,"valueName":"search_term_string"}}],"inLanguage":"es"},{"@type":"Organization","@id":"https:\/\/www.nanox.vision\/es\/#organization","name":"Nanox","url":"https:\/\/www.nanox.vision\/es\/","logo":{"@type":"ImageObject","inLanguage":"es","@id":"https:\/\/www.nanox.vision\/es\/#\/schema\/logo\/image\/","url":"https:\/\/www.nanox.vision\/wp-content\/uploads\/2024\/10\/nanox-logo.png","contentUrl":"https:\/\/www.nanox.vision\/wp-content\/uploads\/2024\/10\/nanox-logo.png","width":153,"height":141,"caption":"Nanox"},"image":{"@id":"https:\/\/www.nanox.vision\/es\/#\/schema\/logo\/image\/"},"sameAs":["https:\/\/www.facebook.com\/NanoxVision\/","https:\/\/x.com\/nanox_vision"]}]}},"_links":{"self":[{"href":"https:\/\/www.nanox.vision\/es\/wp-json\/wp\/v2\/pages\/5048","targetHints":{"allow":["GET"]}}],"collection":[{"href":"https:\/\/www.nanox.vision\/es\/wp-json\/wp\/v2\/pages"}],"about":[{"href":"https:\/\/www.nanox.vision\/es\/wp-json\/wp\/v2\/types\/page"}],"author":[{"embeddable":true,"href":"https:\/\/www.nanox.vision\/es\/wp-json\/wp\/v2\/users\/1"}],"replies":[{"embeddable":true,"href":"https:\/\/www.nanox.vision\/es\/wp-json\/wp\/v2\/comments?post=5048"}],"version-history":[{"count":2,"href":"https:\/\/www.nanox.vision\/es\/wp-json\/wp\/v2\/pages\/5048\/revisions"}],"predecessor-version":[{"id":6175,"href":"https:\/\/www.nanox.vision\/es\/wp-json\/wp\/v2\/pages\/5048\/revisions\/6175"}],"wp:featuredmedia":[{"embeddable":true,"href":"https:\/\/www.nanox.vision\/es\/wp-json\/wp\/v2\/media\/3379"}],"wp:attachment":[{"href":"https:\/\/www.nanox.vision\/es\/wp-json\/wp\/v2\/media?parent=5048"}],"curies":[{"name":"wp","href":"https:\/\/api.w.org\/{rel}","templated":true}]}}