{"id":5044,"date":"2024-10-23T15:31:05","date_gmt":"2024-10-23T15:31:05","guid":{"rendered":"https:\/\/www.nanox.vision\/solucion-hepatica-con-ia\/"},"modified":"2026-01-28T13:58:30","modified_gmt":"2026-01-28T13:58:30","slug":"solucion-hepatica-con-ia","status":"publish","type":"page","link":"https:\/\/www.nanox.vision\/es\/solucion-hepatica-con-ia\/","title":{"rendered":"Soluci\u00f3n hep\u00e1tica con IA"},"content":{"rendered":"<h2>IA para aumentar la notificaci\u00f3n de casos de h\u00edgado graso y promover la detecci\u00f3n temprana<\/h2>\n<p>El algoritmo \u00fanico y pionero de Nanox.AI destaca las mediciones de densidad hep\u00e1tica utilizando tomograf\u00edas computarizadas abdominales y tor\u00e1cicas. Una densidad hep\u00e1tica baja sugiere la presencia de una enfermedad del h\u00edgado graso.<\/p>\n","protected":false},"excerpt":{"rendered":"<p>IA para aumentar la notificaci\u00f3n de casos de h\u00edgado graso y promover la detecci\u00f3n temprana El algoritmo \u00fanico y pionero de Nanox.AI destaca las mediciones de densidad hep\u00e1tica utilizando tomograf\u00edas computarizadas abdominales y tor\u00e1cicas. Una densidad hep\u00e1tica baja sugiere la presencia de una enfermedad del h\u00edgado graso.<\/p>\n","protected":false},"author":1,"featured_media":3731,"parent":0,"menu_order":77,"comment_status":"closed","ping_status":"closed","template":"page-cardiac.php","meta":{"_acf_changed":false,"footnotes":""},"class_list":["post-5044","page","type-page","status-publish","has-post-thumbnail","hentry"],"acf":[],"yoast_head":"<!-- This site is optimized with the Yoast SEO plugin v27.5 - https:\/\/yoast.com\/product\/yoast-seo-wordpress\/ -->\n<title>Soluci\u00f3n hep\u00e1tica con IA - Nanox<\/title>\n<meta name=\"robots\" content=\"index, follow, max-snippet:-1, max-image-preview:large, max-video-preview:-1\" \/>\n<link rel=\"canonical\" href=\"https:\/\/www.nanox.vision\/es\/solucion-hepatica-con-ia\/\" \/>\n<meta property=\"og:locale\" content=\"es_ES\" \/>\n<meta property=\"og:type\" content=\"article\" \/>\n<meta property=\"og:title\" content=\"Soluci\u00f3n hep\u00e1tica con IA - Nanox\" \/>\n<meta property=\"og:description\" content=\"IA para aumentar la notificaci\u00f3n de casos de h\u00edgado graso y promover la detecci\u00f3n temprana El algoritmo \u00fanico y pionero de Nanox.AI destaca las mediciones de densidad hep\u00e1tica utilizando tomograf\u00edas computarizadas abdominales y tor\u00e1cicas. Una densidad hep\u00e1tica baja sugiere la presencia de una enfermedad del h\u00edgado graso.\" \/>\n<meta property=\"og:url\" content=\"https:\/\/www.nanox.vision\/es\/solucion-hepatica-con-ia\/\" \/>\n<meta property=\"og:site_name\" content=\"Nanox\" \/>\n<meta property=\"article:publisher\" content=\"https:\/\/www.facebook.com\/NanoxVision\/\" \/>\n<meta property=\"article:modified_time\" content=\"2026-01-28T13:58:30+00:00\" \/>\n<meta name=\"twitter:card\" content=\"summary_large_image\" \/>\n<meta name=\"twitter:site\" content=\"@nanox_vision\" \/>\n<!-- \/ Yoast SEO plugin. -->","yoast_head_json":{"title":"Soluci\u00f3n hep\u00e1tica con IA - Nanox","robots":{"index":"index","follow":"follow","max-snippet":"max-snippet:-1","max-image-preview":"max-image-preview:large","max-video-preview":"max-video-preview:-1"},"canonical":"https:\/\/www.nanox.vision\/es\/solucion-hepatica-con-ia\/","og_locale":"es_ES","og_type":"article","og_title":"Soluci\u00f3n hep\u00e1tica con IA - Nanox","og_description":"IA para aumentar la notificaci\u00f3n de casos de h\u00edgado graso y promover la detecci\u00f3n temprana El algoritmo \u00fanico y pionero de Nanox.AI destaca las mediciones de densidad hep\u00e1tica utilizando tomograf\u00edas computarizadas abdominales y tor\u00e1cicas. Una densidad hep\u00e1tica baja sugiere la presencia de una enfermedad del h\u00edgado graso.","og_url":"https:\/\/www.nanox.vision\/es\/solucion-hepatica-con-ia\/","og_site_name":"Nanox","article_publisher":"https:\/\/www.facebook.com\/NanoxVision\/","article_modified_time":"2026-01-28T13:58:30+00:00","twitter_card":"summary_large_image","twitter_site":"@nanox_vision","schema":{"@context":"https:\/\/schema.org","@graph":[{"@type":"WebPage","@id":"https:\/\/www.nanox.vision\/es\/solucion-hepatica-con-ia\/","url":"https:\/\/www.nanox.vision\/es\/solucion-hepatica-con-ia\/","name":"Soluci\u00f3n hep\u00e1tica con IA - Nanox","isPartOf":{"@id":"https:\/\/www.nanox.vision\/es\/#website"},"primaryImageOfPage":{"@id":"https:\/\/www.nanox.vision\/es\/solucion-hepatica-con-ia\/#primaryimage"},"image":{"@id":"https:\/\/www.nanox.vision\/es\/solucion-hepatica-con-ia\/#primaryimage"},"thumbnailUrl":"https:\/\/www.nanox.vision\/wp-content\/uploads\/2024\/11\/plazma-liver.svg","datePublished":"2024-10-23T15:31:05+00:00","dateModified":"2026-01-28T13:58:30+00:00","breadcrumb":{"@id":"https:\/\/www.nanox.vision\/es\/solucion-hepatica-con-ia\/#breadcrumb"},"inLanguage":"es","potentialAction":[{"@type":"ReadAction","target":["https:\/\/www.nanox.vision\/es\/solucion-hepatica-con-ia\/"]}]},{"@type":"ImageObject","inLanguage":"es","@id":"https:\/\/www.nanox.vision\/es\/solucion-hepatica-con-ia\/#primaryimage","url":"https:\/\/www.nanox.vision\/wp-content\/uploads\/2024\/11\/plazma-liver.svg","contentUrl":"https:\/\/www.nanox.vision\/wp-content\/uploads\/2024\/11\/plazma-liver.svg"},{"@type":"BreadcrumbList","@id":"https:\/\/www.nanox.vision\/es\/solucion-hepatica-con-ia\/#breadcrumb","itemListElement":[{"@type":"ListItem","position":1,"name":"Home","item":"https:\/\/www.nanox.vision\/es\/"},{"@type":"ListItem","position":2,"name":"Soluci\u00f3n hep\u00e1tica con IA"}]},{"@type":"WebSite","@id":"https:\/\/www.nanox.vision\/es\/#website","url":"https:\/\/www.nanox.vision\/es\/","name":"Nanox","description":"","publisher":{"@id":"https:\/\/www.nanox.vision\/es\/#organization"},"potentialAction":[{"@type":"SearchAction","target":{"@type":"EntryPoint","urlTemplate":"https:\/\/www.nanox.vision\/es\/?s={search_term_string}"},"query-input":{"@type":"PropertyValueSpecification","valueRequired":true,"valueName":"search_term_string"}}],"inLanguage":"es"},{"@type":"Organization","@id":"https:\/\/www.nanox.vision\/es\/#organization","name":"Nanox","url":"https:\/\/www.nanox.vision\/es\/","logo":{"@type":"ImageObject","inLanguage":"es","@id":"https:\/\/www.nanox.vision\/es\/#\/schema\/logo\/image\/","url":"https:\/\/www.nanox.vision\/wp-content\/uploads\/2024\/10\/nanox-logo.png","contentUrl":"https:\/\/www.nanox.vision\/wp-content\/uploads\/2024\/10\/nanox-logo.png","width":153,"height":141,"caption":"Nanox"},"image":{"@id":"https:\/\/www.nanox.vision\/es\/#\/schema\/logo\/image\/"},"sameAs":["https:\/\/www.facebook.com\/NanoxVision\/","https:\/\/x.com\/nanox_vision"]}]}},"_links":{"self":[{"href":"https:\/\/www.nanox.vision\/es\/wp-json\/wp\/v2\/pages\/5044","targetHints":{"allow":["GET"]}}],"collection":[{"href":"https:\/\/www.nanox.vision\/es\/wp-json\/wp\/v2\/pages"}],"about":[{"href":"https:\/\/www.nanox.vision\/es\/wp-json\/wp\/v2\/types\/page"}],"author":[{"embeddable":true,"href":"https:\/\/www.nanox.vision\/es\/wp-json\/wp\/v2\/users\/1"}],"replies":[{"embeddable":true,"href":"https:\/\/www.nanox.vision\/es\/wp-json\/wp\/v2\/comments?post=5044"}],"version-history":[{"count":1,"href":"https:\/\/www.nanox.vision\/es\/wp-json\/wp\/v2\/pages\/5044\/revisions"}],"predecessor-version":[{"id":5092,"href":"https:\/\/www.nanox.vision\/es\/wp-json\/wp\/v2\/pages\/5044\/revisions\/5092"}],"wp:featuredmedia":[{"embeddable":true,"href":"https:\/\/www.nanox.vision\/es\/wp-json\/wp\/v2\/media\/3731"}],"wp:attachment":[{"href":"https:\/\/www.nanox.vision\/es\/wp-json\/wp\/v2\/media?parent=5044"}],"curies":[{"name":"wp","href":"https:\/\/api.w.org\/{rel}","templated":true}]}}