{"id":4391,"date":"2024-12-17T08:46:52","date_gmt":"2024-12-17T08:46:52","guid":{"rendered":"https:\/\/www.nanox.vision\/formulario-de-solicitud-de-datos-personales\/"},"modified":"2025-06-25T07:41:48","modified_gmt":"2025-06-25T07:41:48","slug":"formulario-de-solicitud-de-datos-personales","status":"publish","type":"page","link":"https:\/\/www.nanox.vision\/es\/formulario-de-solicitud-de-datos-personales\/","title":{"rendered":"Formulario de solicitud de interesados"},"content":{"rendered":"<p><em>\u00daltima actualizaci\u00f3n: 22 de junio de 2023<\/em><\/p>\n<p>Nano-X Imaging Ltd (la \u00abEmpresa\u00bb) valora y respeta los derechos de privacidad de sus clientes, socios, proveedores, vendedores y dem\u00e1s. Como lo exigen el Reglamento General de Protecci\u00f3n de Datos de la UE (\u00abRGPD\u00bb) y la Ley de Privacidad del Consumidor de California de 2018 (\u00abCCPA\u00bb) (colectivamente, las \u00abLeyes de Protecci\u00f3n de Datos\u00bb), los residentes de la Uni\u00f3n Europea y de California, respectivamente, pueden realizar ciertas solicitudes relacionadas con nuestro tratamiento de datos personales.<\/p>\n<p>Para enviar una solicitud como interesado de datos conforme a las Leyes de Protecci\u00f3n de Datos, complete el formulario, <a href=\"https:\/\/www.nanox.vision\/wp-content\/uploads\/2024\/12\/Nanox-DSR-Form.pdf\" target=\"_blank\" rel=\"noopener\">descargar desde aqu\u00ed<\/a>, y env\u00edelo por correo electr\u00f3nico a nuestro equipo responsable del tratamiento de datos: <a href=\"mailto:privacy@nanox.vision\">privacy@nanox.vision<\/a>. Una vez recibida su solicitud completa y cualquier documento adicional requerido, tal como se detalla en el formulario, la procesaremos y le responderemos dentro de los plazos establecidos por las Leyes de Protecci\u00f3n de Datos aplicables. En caso de requerir informaci\u00f3n adicional, nos comunicaremos con usted utilizando los datos de contacto que proporcion\u00f3 en este formulario. La informaci\u00f3n proporcionada en relaci\u00f3n con esta solicitud ser\u00e1 utilizada exclusivamente para procesarla y responderle, y ser\u00e1 eliminada de inmediato una vez cumplido este prop\u00f3sito.<\/p>\n","protected":false},"excerpt":{"rendered":"<p>\u00daltima actualizaci\u00f3n: 22 de junio de 2023 Nano-X Imaging Ltd (la \u00abEmpresa\u00bb) valora y respeta los derechos de privacidad de sus clientes, socios, proveedores, vendedores y dem\u00e1s. Como lo exigen el Reglamento General de Protecci\u00f3n de Datos de la UE (\u00abRGPD\u00bb) y la Ley de Privacidad del Consumidor de California de 2018 (\u00abCCPA\u00bb) (colectivamente, las &hellip; <\/p>\n<p class=\"link-more\"><a href=\"https:\/\/www.nanox.vision\/es\/formulario-de-solicitud-de-datos-personales\/\" class=\"more-link\">Continue reading<span class=\"screen-reader-text\"> \u00abFormulario de solicitud de interesados\u00bb<\/span><\/a><\/p>\n","protected":false},"author":1,"featured_media":0,"parent":0,"menu_order":83,"comment_status":"closed","ping_status":"closed","template":"","meta":{"_acf_changed":false,"footnotes":""},"class_list":["post-4391","page","type-page","status-publish","hentry"],"acf":[],"yoast_head":"<!-- This site is optimized with the Yoast SEO plugin v27.3 - https:\/\/yoast.com\/product\/yoast-seo-wordpress\/ -->\n<title>Formulario de solicitud de interesados - Nanox<\/title>\n<meta name=\"robots\" content=\"index, follow, max-snippet:-1, max-image-preview:large, max-video-preview:-1\" \/>\n<link rel=\"canonical\" href=\"https:\/\/www.nanox.vision\/es\/formulario-de-solicitud-de-datos-personales\/\" \/>\n<meta property=\"og:locale\" content=\"es_ES\" \/>\n<meta property=\"og:type\" content=\"article\" \/>\n<meta property=\"og:title\" content=\"Formulario de solicitud de interesados - Nanox\" \/>\n<meta property=\"og:description\" content=\"\u00daltima actualizaci\u00f3n: 22 de junio de 2023 Nano-X Imaging Ltd (la \u00abEmpresa\u00bb) valora y respeta los derechos de privacidad de sus clientes, socios, proveedores, vendedores y dem\u00e1s. Como lo exigen el Reglamento General de Protecci\u00f3n de Datos de la UE (\u00abRGPD\u00bb) y la Ley de Privacidad del Consumidor de California de 2018 (\u00abCCPA\u00bb) (colectivamente, las &hellip; Continue reading &quot;Formulario de solicitud de interesados&quot;\" \/>\n<meta property=\"og:url\" content=\"https:\/\/www.nanox.vision\/es\/formulario-de-solicitud-de-datos-personales\/\" \/>\n<meta property=\"og:site_name\" content=\"Nanox\" \/>\n<meta property=\"article:publisher\" content=\"https:\/\/www.facebook.com\/NanoxVision\/\" \/>\n<meta property=\"article:modified_time\" content=\"2025-06-25T07:41:48+00:00\" \/>\n<meta name=\"twitter:card\" content=\"summary_large_image\" \/>\n<meta name=\"twitter:site\" content=\"@nanox_vision\" \/>\n<meta name=\"twitter:label1\" content=\"Tiempo de lectura\" \/>\n\t<meta name=\"twitter:data1\" content=\"1 minuto\" \/>\n<!-- \/ Yoast SEO plugin. -->","yoast_head_json":{"title":"Formulario de solicitud de interesados - Nanox","robots":{"index":"index","follow":"follow","max-snippet":"max-snippet:-1","max-image-preview":"max-image-preview:large","max-video-preview":"max-video-preview:-1"},"canonical":"https:\/\/www.nanox.vision\/es\/formulario-de-solicitud-de-datos-personales\/","og_locale":"es_ES","og_type":"article","og_title":"Formulario de solicitud de interesados - Nanox","og_description":"\u00daltima actualizaci\u00f3n: 22 de junio de 2023 Nano-X Imaging Ltd (la \u00abEmpresa\u00bb) valora y respeta los derechos de privacidad de sus clientes, socios, proveedores, vendedores y dem\u00e1s. Como lo exigen el Reglamento General de Protecci\u00f3n de Datos de la UE (\u00abRGPD\u00bb) y la Ley de Privacidad del Consumidor de California de 2018 (\u00abCCPA\u00bb) (colectivamente, las &hellip; Continue reading \"Formulario de solicitud de interesados\"","og_url":"https:\/\/www.nanox.vision\/es\/formulario-de-solicitud-de-datos-personales\/","og_site_name":"Nanox","article_publisher":"https:\/\/www.facebook.com\/NanoxVision\/","article_modified_time":"2025-06-25T07:41:48+00:00","twitter_card":"summary_large_image","twitter_site":"@nanox_vision","twitter_misc":{"Tiempo de lectura":"1 minuto"},"schema":{"@context":"https:\/\/schema.org","@graph":[{"@type":"WebPage","@id":"https:\/\/www.nanox.vision\/es\/formulario-de-solicitud-de-datos-personales\/","url":"https:\/\/www.nanox.vision\/es\/formulario-de-solicitud-de-datos-personales\/","name":"Formulario de solicitud de interesados - Nanox","isPartOf":{"@id":"https:\/\/www.nanox.vision\/es\/#website"},"datePublished":"2024-12-17T08:46:52+00:00","dateModified":"2025-06-25T07:41:48+00:00","breadcrumb":{"@id":"https:\/\/www.nanox.vision\/es\/formulario-de-solicitud-de-datos-personales\/#breadcrumb"},"inLanguage":"es","potentialAction":[{"@type":"ReadAction","target":["https:\/\/www.nanox.vision\/es\/formulario-de-solicitud-de-datos-personales\/"]}]},{"@type":"BreadcrumbList","@id":"https:\/\/www.nanox.vision\/es\/formulario-de-solicitud-de-datos-personales\/#breadcrumb","itemListElement":[{"@type":"ListItem","position":1,"name":"Home","item":"https:\/\/www.nanox.vision\/es\/"},{"@type":"ListItem","position":2,"name":"Formulario de solicitud de interesados"}]},{"@type":"WebSite","@id":"https:\/\/www.nanox.vision\/es\/#website","url":"https:\/\/www.nanox.vision\/es\/","name":"Nanox","description":"","publisher":{"@id":"https:\/\/www.nanox.vision\/es\/#organization"},"potentialAction":[{"@type":"SearchAction","target":{"@type":"EntryPoint","urlTemplate":"https:\/\/www.nanox.vision\/es\/?s={search_term_string}"},"query-input":{"@type":"PropertyValueSpecification","valueRequired":true,"valueName":"search_term_string"}}],"inLanguage":"es"},{"@type":"Organization","@id":"https:\/\/www.nanox.vision\/es\/#organization","name":"Nanox","url":"https:\/\/www.nanox.vision\/es\/","logo":{"@type":"ImageObject","inLanguage":"es","@id":"https:\/\/www.nanox.vision\/es\/#\/schema\/logo\/image\/","url":"https:\/\/www.nanox.vision\/wp-content\/uploads\/2024\/10\/nanox-logo.png","contentUrl":"https:\/\/www.nanox.vision\/wp-content\/uploads\/2024\/10\/nanox-logo.png","width":153,"height":141,"caption":"Nanox"},"image":{"@id":"https:\/\/www.nanox.vision\/es\/#\/schema\/logo\/image\/"},"sameAs":["https:\/\/www.facebook.com\/NanoxVision\/","https:\/\/x.com\/nanox_vision"]}]}},"_links":{"self":[{"href":"https:\/\/www.nanox.vision\/es\/wp-json\/wp\/v2\/pages\/4391","targetHints":{"allow":["GET"]}}],"collection":[{"href":"https:\/\/www.nanox.vision\/es\/wp-json\/wp\/v2\/pages"}],"about":[{"href":"https:\/\/www.nanox.vision\/es\/wp-json\/wp\/v2\/types\/page"}],"author":[{"embeddable":true,"href":"https:\/\/www.nanox.vision\/es\/wp-json\/wp\/v2\/users\/1"}],"replies":[{"embeddable":true,"href":"https:\/\/www.nanox.vision\/es\/wp-json\/wp\/v2\/comments?post=4391"}],"version-history":[{"count":1,"href":"https:\/\/www.nanox.vision\/es\/wp-json\/wp\/v2\/pages\/4391\/revisions"}],"predecessor-version":[{"id":4836,"href":"https:\/\/www.nanox.vision\/es\/wp-json\/wp\/v2\/pages\/4391\/revisions\/4836"}],"wp:attachment":[{"href":"https:\/\/www.nanox.vision\/es\/wp-json\/wp\/v2\/media?parent=4391"}],"curies":[{"name":"wp","href":"https:\/\/api.w.org\/{rel}","templated":true}]}}