{"id":4242,"date":"2024-10-11T18:13:25","date_gmt":"2024-10-11T18:13:25","guid":{"rendered":"https:\/\/www.nanox.vision\/fabricante-de-equipos-originales-oem\/"},"modified":"2026-01-28T13:23:43","modified_gmt":"2026-01-28T13:23:43","slug":"fabricante-de-equipos-originales-oem","status":"publish","type":"page","link":"https:\/\/www.nanox.vision\/es\/fabricante-de-equipos-originales-oem\/","title":{"rendered":"Fabricante de equipos originales (OEM)"},"content":{"rendered":"<h2 style=\"text-align: center;\">Adapte nuestra tecnolog\u00eda de fuente de rayos X a sistemas de imagenolog\u00eda de terceros en todas las industrias<\/h2>\n<p style=\"text-align: center;\"><span style=\"font-size: 14pt;\">Ofrecemos soluciones de fuentes de rayos X personalizadas para fabricantes de dispositivos de imagenolog\u00eda m\u00e9dica o licencias de nuestra tecnolog\u00eda de fuentes de rayos X para el desarrollo de nuevos sistemas de imagenolog\u00eda.<\/span><\/p>\n","protected":false},"excerpt":{"rendered":"<p>Adapte nuestra tecnolog\u00eda de fuente de rayos X a sistemas de imagenolog\u00eda de terceros en todas las industrias Ofrecemos soluciones de fuentes de rayos X personalizadas para fabricantes de dispositivos de imagenolog\u00eda m\u00e9dica o licencias de nuestra tecnolog\u00eda de fuentes de rayos X para el desarrollo de nuevos sistemas de imagenolog\u00eda.<\/p>\n","protected":false},"author":1,"featured_media":3413,"parent":0,"menu_order":48,"comment_status":"closed","ping_status":"closed","template":"page-oem.php","meta":{"_acf_changed":false,"footnotes":""},"class_list":["post-4242","page","type-page","status-publish","has-post-thumbnail","hentry"],"acf":[],"yoast_head":"<!-- This site is optimized with the Yoast SEO plugin v27.5 - https:\/\/yoast.com\/product\/yoast-seo-wordpress\/ -->\n<title>Fabricante de equipos originales (OEM) - Nanox<\/title>\n<meta name=\"robots\" content=\"index, follow, max-snippet:-1, max-image-preview:large, max-video-preview:-1\" \/>\n<link rel=\"canonical\" href=\"https:\/\/www.nanox.vision\/es\/fabricante-de-equipos-originales-oem\/\" \/>\n<meta property=\"og:locale\" content=\"es_ES\" \/>\n<meta property=\"og:type\" content=\"article\" \/>\n<meta property=\"og:title\" content=\"Fabricante de equipos originales (OEM) - Nanox\" \/>\n<meta property=\"og:description\" content=\"Adapte nuestra tecnolog\u00eda de fuente de rayos X a sistemas de imagenolog\u00eda de terceros en todas las industrias Ofrecemos soluciones de fuentes de rayos X personalizadas para fabricantes de dispositivos de imagenolog\u00eda m\u00e9dica o licencias de nuestra tecnolog\u00eda de fuentes de rayos X para el desarrollo de nuevos sistemas de imagenolog\u00eda.\" \/>\n<meta property=\"og:url\" content=\"https:\/\/www.nanox.vision\/es\/fabricante-de-equipos-originales-oem\/\" \/>\n<meta property=\"og:site_name\" content=\"Nanox\" \/>\n<meta property=\"article:publisher\" content=\"https:\/\/www.facebook.com\/NanoxVision\/\" \/>\n<meta property=\"article:modified_time\" content=\"2026-01-28T13:23:43+00:00\" \/>\n<meta property=\"og:image\" content=\"https:\/\/www.nanox.vision\/wp-content\/uploads\/2024\/10\/plazma-oem.jpg\" \/>\n\t<meta property=\"og:image:width\" content=\"873\" \/>\n\t<meta property=\"og:image:height\" content=\"480\" \/>\n\t<meta property=\"og:image:type\" content=\"image\/jpeg\" \/>\n<meta name=\"twitter:card\" content=\"summary_large_image\" \/>\n<meta name=\"twitter:site\" content=\"@nanox_vision\" \/>\n<!-- \/ Yoast SEO plugin. -->","yoast_head_json":{"title":"Fabricante de equipos originales (OEM) - Nanox","robots":{"index":"index","follow":"follow","max-snippet":"max-snippet:-1","max-image-preview":"max-image-preview:large","max-video-preview":"max-video-preview:-1"},"canonical":"https:\/\/www.nanox.vision\/es\/fabricante-de-equipos-originales-oem\/","og_locale":"es_ES","og_type":"article","og_title":"Fabricante de equipos originales (OEM) - Nanox","og_description":"Adapte nuestra tecnolog\u00eda de fuente de rayos X a sistemas de imagenolog\u00eda de terceros en todas las industrias Ofrecemos soluciones de fuentes de rayos X personalizadas para fabricantes de dispositivos de imagenolog\u00eda m\u00e9dica o licencias de nuestra tecnolog\u00eda de fuentes de rayos X para el desarrollo de nuevos sistemas de imagenolog\u00eda.","og_url":"https:\/\/www.nanox.vision\/es\/fabricante-de-equipos-originales-oem\/","og_site_name":"Nanox","article_publisher":"https:\/\/www.facebook.com\/NanoxVision\/","article_modified_time":"2026-01-28T13:23:43+00:00","og_image":[{"width":873,"height":480,"url":"https:\/\/www.nanox.vision\/wp-content\/uploads\/2024\/10\/plazma-oem.jpg","type":"image\/jpeg"}],"twitter_card":"summary_large_image","twitter_site":"@nanox_vision","schema":{"@context":"https:\/\/schema.org","@graph":[{"@type":"WebPage","@id":"https:\/\/www.nanox.vision\/es\/fabricante-de-equipos-originales-oem\/","url":"https:\/\/www.nanox.vision\/es\/fabricante-de-equipos-originales-oem\/","name":"Fabricante de equipos originales (OEM) - Nanox","isPartOf":{"@id":"https:\/\/www.nanox.vision\/es\/#website"},"primaryImageOfPage":{"@id":"https:\/\/www.nanox.vision\/es\/fabricante-de-equipos-originales-oem\/#primaryimage"},"image":{"@id":"https:\/\/www.nanox.vision\/es\/fabricante-de-equipos-originales-oem\/#primaryimage"},"thumbnailUrl":"https:\/\/www.nanox.vision\/wp-content\/uploads\/2024\/10\/plazma-oem.jpg","datePublished":"2024-10-11T18:13:25+00:00","dateModified":"2026-01-28T13:23:43+00:00","breadcrumb":{"@id":"https:\/\/www.nanox.vision\/es\/fabricante-de-equipos-originales-oem\/#breadcrumb"},"inLanguage":"es","potentialAction":[{"@type":"ReadAction","target":["https:\/\/www.nanox.vision\/es\/fabricante-de-equipos-originales-oem\/"]}]},{"@type":"ImageObject","inLanguage":"es","@id":"https:\/\/www.nanox.vision\/es\/fabricante-de-equipos-originales-oem\/#primaryimage","url":"https:\/\/www.nanox.vision\/wp-content\/uploads\/2024\/10\/plazma-oem.jpg","contentUrl":"https:\/\/www.nanox.vision\/wp-content\/uploads\/2024\/10\/plazma-oem.jpg","width":873,"height":480},{"@type":"BreadcrumbList","@id":"https:\/\/www.nanox.vision\/es\/fabricante-de-equipos-originales-oem\/#breadcrumb","itemListElement":[{"@type":"ListItem","position":1,"name":"Home","item":"https:\/\/www.nanox.vision\/es\/"},{"@type":"ListItem","position":2,"name":"Fabricante de equipos originales (OEM)"}]},{"@type":"WebSite","@id":"https:\/\/www.nanox.vision\/es\/#website","url":"https:\/\/www.nanox.vision\/es\/","name":"Nanox","description":"","publisher":{"@id":"https:\/\/www.nanox.vision\/es\/#organization"},"potentialAction":[{"@type":"SearchAction","target":{"@type":"EntryPoint","urlTemplate":"https:\/\/www.nanox.vision\/es\/?s={search_term_string}"},"query-input":{"@type":"PropertyValueSpecification","valueRequired":true,"valueName":"search_term_string"}}],"inLanguage":"es"},{"@type":"Organization","@id":"https:\/\/www.nanox.vision\/es\/#organization","name":"Nanox","url":"https:\/\/www.nanox.vision\/es\/","logo":{"@type":"ImageObject","inLanguage":"es","@id":"https:\/\/www.nanox.vision\/es\/#\/schema\/logo\/image\/","url":"https:\/\/www.nanox.vision\/wp-content\/uploads\/2024\/10\/nanox-logo.png","contentUrl":"https:\/\/www.nanox.vision\/wp-content\/uploads\/2024\/10\/nanox-logo.png","width":153,"height":141,"caption":"Nanox"},"image":{"@id":"https:\/\/www.nanox.vision\/es\/#\/schema\/logo\/image\/"},"sameAs":["https:\/\/www.facebook.com\/NanoxVision\/","https:\/\/x.com\/nanox_vision"]}]}},"_links":{"self":[{"href":"https:\/\/www.nanox.vision\/es\/wp-json\/wp\/v2\/pages\/4242","targetHints":{"allow":["GET"]}}],"collection":[{"href":"https:\/\/www.nanox.vision\/es\/wp-json\/wp\/v2\/pages"}],"about":[{"href":"https:\/\/www.nanox.vision\/es\/wp-json\/wp\/v2\/types\/page"}],"author":[{"embeddable":true,"href":"https:\/\/www.nanox.vision\/es\/wp-json\/wp\/v2\/users\/1"}],"replies":[{"embeddable":true,"href":"https:\/\/www.nanox.vision\/es\/wp-json\/wp\/v2\/comments?post=4242"}],"version-history":[{"count":1,"href":"https:\/\/www.nanox.vision\/es\/wp-json\/wp\/v2\/pages\/4242\/revisions"}],"predecessor-version":[{"id":4841,"href":"https:\/\/www.nanox.vision\/es\/wp-json\/wp\/v2\/pages\/4242\/revisions\/4841"}],"wp:featuredmedia":[{"embeddable":true,"href":"https:\/\/www.nanox.vision\/es\/wp-json\/wp\/v2\/media\/3413"}],"wp:attachment":[{"href":"https:\/\/www.nanox.vision\/es\/wp-json\/wp\/v2\/media?parent=4242"}],"curies":[{"name":"wp","href":"https:\/\/api.w.org\/{rel}","templated":true}]}}