{"id":4240,"date":"2024-10-02T18:14:45","date_gmt":"2024-10-02T18:14:45","guid":{"rendered":"https:\/\/www.nanox.vision\/tecnologia\/"},"modified":"2026-01-28T13:17:20","modified_gmt":"2026-01-28T13:17:20","slug":"tecnologia","status":"publish","type":"page","link":"https:\/\/www.nanox.vision\/es\/tecnologia\/","title":{"rendered":"Tecnolog\u00eda"},"content":{"rendered":"<h2>Nuestras familias de patentes<\/h2>\n<p>Con orgullo contamos con <strong>29 patentes registradas<\/strong>, cada una representando un avance significativo en la innovaci\u00f3n tecnol\u00f3gica. Estas patentes abarcan diversas \u00e1reas, <strong>demostrando nuestro compromiso con el avance de las t\u00e9cnicas de adquisici\u00f3n de im\u00e1genes,<\/strong> algoritmos de IA, soluciones de hardware y estructuras de software. Reflejan nuestro af\u00e1n por la excelencia y aseguran nuestra ventaja competitiva al tiempo que impulsan el progreso del sector. Con este extenso portafolio de patentes, <strong>lideramos el impulso del cambio transformador y el establecimiento de nuevos est\u00e1ndares en innovaci\u00f3n<\/strong>. <\/p>\n","protected":false},"excerpt":{"rendered":"<p>Nuestras familias de patentes Con orgullo contamos con 29 patentes registradas, cada una representando un avance significativo en la innovaci\u00f3n tecnol\u00f3gica. Estas patentes abarcan diversas \u00e1reas, demostrando nuestro compromiso con el avance de las t\u00e9cnicas de adquisici\u00f3n de im\u00e1genes, algoritmos de IA, soluciones de hardware y estructuras de software. Reflejan nuestro af\u00e1n por la excelencia &hellip; <\/p>\n<p class=\"link-more\"><a href=\"https:\/\/www.nanox.vision\/es\/tecnologia\/\" class=\"more-link\">Continue reading<span class=\"screen-reader-text\"> \u00abTecnolog\u00eda\u00bb<\/span><\/a><\/p>\n","protected":false},"author":1,"featured_media":3213,"parent":0,"menu_order":49,"comment_status":"closed","ping_status":"closed","template":"page-technology.php","meta":{"_acf_changed":false,"footnotes":""},"class_list":["post-4240","page","type-page","status-publish","has-post-thumbnail","hentry"],"acf":[],"yoast_head":"<!-- This site is optimized with the Yoast SEO plugin v27.5 - https:\/\/yoast.com\/product\/yoast-seo-wordpress\/ -->\n<title>Tecnolog\u00eda - Nanox<\/title>\n<meta name=\"robots\" content=\"index, follow, max-snippet:-1, max-image-preview:large, max-video-preview:-1\" \/>\n<link rel=\"canonical\" href=\"https:\/\/www.nanox.vision\/es\/tecnologia\/\" \/>\n<meta property=\"og:locale\" content=\"es_ES\" \/>\n<meta property=\"og:type\" content=\"article\" \/>\n<meta property=\"og:title\" content=\"Tecnolog\u00eda - Nanox\" \/>\n<meta property=\"og:description\" content=\"Nuestras familias de patentes Con orgullo contamos con 29 patentes registradas, cada una representando un avance significativo en la innovaci\u00f3n tecnol\u00f3gica. Estas patentes abarcan diversas \u00e1reas, demostrando nuestro compromiso con el avance de las t\u00e9cnicas de adquisici\u00f3n de im\u00e1genes, algoritmos de IA, soluciones de hardware y estructuras de software. Reflejan nuestro af\u00e1n por la excelencia &hellip; Continue reading &quot;Tecnolog\u00eda&quot;\" \/>\n<meta property=\"og:url\" content=\"https:\/\/www.nanox.vision\/es\/tecnologia\/\" \/>\n<meta property=\"og:site_name\" content=\"Nanox\" \/>\n<meta property=\"article:publisher\" content=\"https:\/\/www.facebook.com\/NanoxVision\/\" \/>\n<meta property=\"article:modified_time\" content=\"2026-01-28T13:17:20+00:00\" \/>\n<meta property=\"og:image\" content=\"https:\/\/www.nanox.vision\/wp-content\/uploads\/2024\/10\/hero-technology.jpg\" \/>\n\t<meta property=\"og:image:width\" content=\"1080\" \/>\n\t<meta property=\"og:image:height\" content=\"480\" \/>\n\t<meta property=\"og:image:type\" content=\"image\/jpeg\" \/>\n<meta name=\"twitter:card\" content=\"summary_large_image\" \/>\n<meta name=\"twitter:site\" content=\"@nanox_vision\" \/>\n<!-- \/ Yoast SEO plugin. -->","yoast_head_json":{"title":"Tecnolog\u00eda - Nanox","robots":{"index":"index","follow":"follow","max-snippet":"max-snippet:-1","max-image-preview":"max-image-preview:large","max-video-preview":"max-video-preview:-1"},"canonical":"https:\/\/www.nanox.vision\/es\/tecnologia\/","og_locale":"es_ES","og_type":"article","og_title":"Tecnolog\u00eda - Nanox","og_description":"Nuestras familias de patentes Con orgullo contamos con 29 patentes registradas, cada una representando un avance significativo en la innovaci\u00f3n tecnol\u00f3gica. Estas patentes abarcan diversas \u00e1reas, demostrando nuestro compromiso con el avance de las t\u00e9cnicas de adquisici\u00f3n de im\u00e1genes, algoritmos de IA, soluciones de hardware y estructuras de software. Reflejan nuestro af\u00e1n por la excelencia &hellip; Continue reading \"Tecnolog\u00eda\"","og_url":"https:\/\/www.nanox.vision\/es\/tecnologia\/","og_site_name":"Nanox","article_publisher":"https:\/\/www.facebook.com\/NanoxVision\/","article_modified_time":"2026-01-28T13:17:20+00:00","og_image":[{"width":1080,"height":480,"url":"https:\/\/www.nanox.vision\/wp-content\/uploads\/2024\/10\/hero-technology.jpg","type":"image\/jpeg"}],"twitter_card":"summary_large_image","twitter_site":"@nanox_vision","schema":{"@context":"https:\/\/schema.org","@graph":[{"@type":"WebPage","@id":"https:\/\/www.nanox.vision\/es\/tecnologia\/","url":"https:\/\/www.nanox.vision\/es\/tecnologia\/","name":"Tecnolog\u00eda - Nanox","isPartOf":{"@id":"https:\/\/www.nanox.vision\/es\/#website"},"primaryImageOfPage":{"@id":"https:\/\/www.nanox.vision\/es\/tecnologia\/#primaryimage"},"image":{"@id":"https:\/\/www.nanox.vision\/es\/tecnologia\/#primaryimage"},"thumbnailUrl":"https:\/\/www.nanox.vision\/wp-content\/uploads\/2024\/10\/hero-technology.jpg","datePublished":"2024-10-02T18:14:45+00:00","dateModified":"2026-01-28T13:17:20+00:00","breadcrumb":{"@id":"https:\/\/www.nanox.vision\/es\/tecnologia\/#breadcrumb"},"inLanguage":"es","potentialAction":[{"@type":"ReadAction","target":["https:\/\/www.nanox.vision\/es\/tecnologia\/"]}]},{"@type":"ImageObject","inLanguage":"es","@id":"https:\/\/www.nanox.vision\/es\/tecnologia\/#primaryimage","url":"https:\/\/www.nanox.vision\/wp-content\/uploads\/2024\/10\/hero-technology.jpg","contentUrl":"https:\/\/www.nanox.vision\/wp-content\/uploads\/2024\/10\/hero-technology.jpg","width":1080,"height":480},{"@type":"BreadcrumbList","@id":"https:\/\/www.nanox.vision\/es\/tecnologia\/#breadcrumb","itemListElement":[{"@type":"ListItem","position":1,"name":"Home","item":"https:\/\/www.nanox.vision\/es\/"},{"@type":"ListItem","position":2,"name":"Tecnolog\u00eda"}]},{"@type":"WebSite","@id":"https:\/\/www.nanox.vision\/es\/#website","url":"https:\/\/www.nanox.vision\/es\/","name":"Nanox","description":"","publisher":{"@id":"https:\/\/www.nanox.vision\/es\/#organization"},"potentialAction":[{"@type":"SearchAction","target":{"@type":"EntryPoint","urlTemplate":"https:\/\/www.nanox.vision\/es\/?s={search_term_string}"},"query-input":{"@type":"PropertyValueSpecification","valueRequired":true,"valueName":"search_term_string"}}],"inLanguage":"es"},{"@type":"Organization","@id":"https:\/\/www.nanox.vision\/es\/#organization","name":"Nanox","url":"https:\/\/www.nanox.vision\/es\/","logo":{"@type":"ImageObject","inLanguage":"es","@id":"https:\/\/www.nanox.vision\/es\/#\/schema\/logo\/image\/","url":"https:\/\/www.nanox.vision\/wp-content\/uploads\/2024\/10\/nanox-logo.png","contentUrl":"https:\/\/www.nanox.vision\/wp-content\/uploads\/2024\/10\/nanox-logo.png","width":153,"height":141,"caption":"Nanox"},"image":{"@id":"https:\/\/www.nanox.vision\/es\/#\/schema\/logo\/image\/"},"sameAs":["https:\/\/www.facebook.com\/NanoxVision\/","https:\/\/x.com\/nanox_vision"]}]}},"_links":{"self":[{"href":"https:\/\/www.nanox.vision\/es\/wp-json\/wp\/v2\/pages\/4240","targetHints":{"allow":["GET"]}}],"collection":[{"href":"https:\/\/www.nanox.vision\/es\/wp-json\/wp\/v2\/pages"}],"about":[{"href":"https:\/\/www.nanox.vision\/es\/wp-json\/wp\/v2\/types\/page"}],"author":[{"embeddable":true,"href":"https:\/\/www.nanox.vision\/es\/wp-json\/wp\/v2\/users\/1"}],"replies":[{"embeddable":true,"href":"https:\/\/www.nanox.vision\/es\/wp-json\/wp\/v2\/comments?post=4240"}],"version-history":[{"count":2,"href":"https:\/\/www.nanox.vision\/es\/wp-json\/wp\/v2\/pages\/4240\/revisions"}],"predecessor-version":[{"id":6173,"href":"https:\/\/www.nanox.vision\/es\/wp-json\/wp\/v2\/pages\/4240\/revisions\/6173"}],"wp:featuredmedia":[{"embeddable":true,"href":"https:\/\/www.nanox.vision\/es\/wp-json\/wp\/v2\/media\/3213"}],"wp:attachment":[{"href":"https:\/\/www.nanox.vision\/es\/wp-json\/wp\/v2\/media?parent=4240"}],"curies":[{"name":"wp","href":"https:\/\/api.w.org\/{rel}","templated":true}]}}