{"id":4227,"date":"2024-06-17T18:16:59","date_gmt":"2024-06-17T18:16:59","guid":{"rendered":"https:\/\/www.nanox.vision\/inicio\/"},"modified":"2026-01-28T13:15:23","modified_gmt":"2026-01-28T13:15:23","slug":"inicio","status":"publish","type":"page","link":"https:\/\/www.nanox.vision\/es\/","title":{"rendered":"Inicio"},"content":{"rendered":"<h2 style=\"text-align: left;\">El futuro es ahora<\/h2>\n<h3 style=\"text-align: left;\">Ofrecemos una soluci\u00f3n integral, desde el escaneo hasta el diagn\u00f3stico.<\/h3>\n<h3 style=\"text-align: left;\">Proporcionamos capacidades avanzadas de diagn\u00f3stico por im\u00e1genes y mejoramos la atenci\u00f3n general del paciente.<\/h3>\n","protected":false},"excerpt":{"rendered":"<p>El futuro es ahora Ofrecemos una soluci\u00f3n integral, desde el escaneo hasta el diagn\u00f3stico. Proporcionamos capacidades avanzadas de diagn\u00f3stico por im\u00e1genes y mejoramos la atenci\u00f3n general del paciente.<\/p>\n","protected":false},"author":1,"featured_media":0,"parent":0,"menu_order":24,"comment_status":"closed","ping_status":"closed","template":"front-page.php","meta":{"_acf_changed":false,"footnotes":""},"class_list":["post-4227","page","type-page","status-publish","hentry"],"acf":[],"yoast_head":"<!-- This site is optimized with the Yoast SEO plugin v27.5 - https:\/\/yoast.com\/product\/yoast-seo-wordpress\/ -->\n<title>Inicio - Nanox<\/title>\n<meta name=\"robots\" content=\"index, follow, max-snippet:-1, max-image-preview:large, max-video-preview:-1\" \/>\n<link rel=\"canonical\" href=\"https:\/\/www.nanox.vision\/es\/\" \/>\n<meta property=\"og:locale\" content=\"es_ES\" \/>\n<meta property=\"og:type\" content=\"article\" \/>\n<meta property=\"og:title\" content=\"Inicio - Nanox\" \/>\n<meta property=\"og:description\" content=\"El futuro es ahora Ofrecemos una soluci\u00f3n integral, desde el escaneo hasta el diagn\u00f3stico. Proporcionamos capacidades avanzadas de diagn\u00f3stico por im\u00e1genes y mejoramos la atenci\u00f3n general del paciente.\" \/>\n<meta property=\"og:url\" content=\"https:\/\/www.nanox.vision\/es\/\" \/>\n<meta property=\"og:site_name\" content=\"Nanox\" \/>\n<meta property=\"article:publisher\" content=\"https:\/\/www.facebook.com\/NanoxVision\/\" \/>\n<meta property=\"article:modified_time\" content=\"2026-01-28T13:15:23+00:00\" \/>\n<meta name=\"twitter:card\" content=\"summary_large_image\" \/>\n<meta name=\"twitter:site\" content=\"@nanox_vision\" \/>\n<!-- \/ Yoast SEO plugin. -->","yoast_head_json":{"title":"Inicio - Nanox","robots":{"index":"index","follow":"follow","max-snippet":"max-snippet:-1","max-image-preview":"max-image-preview:large","max-video-preview":"max-video-preview:-1"},"canonical":"https:\/\/www.nanox.vision\/es\/","og_locale":"es_ES","og_type":"article","og_title":"Inicio - Nanox","og_description":"El futuro es ahora Ofrecemos una soluci\u00f3n integral, desde el escaneo hasta el diagn\u00f3stico. Proporcionamos capacidades avanzadas de diagn\u00f3stico por im\u00e1genes y mejoramos la atenci\u00f3n general del paciente.","og_url":"https:\/\/www.nanox.vision\/es\/","og_site_name":"Nanox","article_publisher":"https:\/\/www.facebook.com\/NanoxVision\/","article_modified_time":"2026-01-28T13:15:23+00:00","twitter_card":"summary_large_image","twitter_site":"@nanox_vision","schema":{"@context":"https:\/\/schema.org","@graph":[{"@type":"WebPage","@id":"https:\/\/www.nanox.vision\/es\/","url":"https:\/\/www.nanox.vision\/es\/","name":"Inicio - Nanox","isPartOf":{"@id":"https:\/\/www.nanox.vision\/es\/#website"},"datePublished":"2024-06-17T18:16:59+00:00","dateModified":"2026-01-28T13:15:23+00:00","breadcrumb":{"@id":"https:\/\/www.nanox.vision\/es\/#breadcrumb"},"inLanguage":"es","potentialAction":[{"@type":"ReadAction","target":["https:\/\/www.nanox.vision\/es\/"]}]},{"@type":"BreadcrumbList","@id":"https:\/\/www.nanox.vision\/es\/#breadcrumb","itemListElement":[{"@type":"ListItem","position":1,"name":"Home","item":"https:\/\/www.nanox.vision\/es\/"},{"@type":"ListItem","position":2,"name":"Inicio"}]},{"@type":"WebSite","@id":"https:\/\/www.nanox.vision\/es\/#website","url":"https:\/\/www.nanox.vision\/es\/","name":"Nanox","description":"","publisher":{"@id":"https:\/\/www.nanox.vision\/es\/#organization"},"potentialAction":[{"@type":"SearchAction","target":{"@type":"EntryPoint","urlTemplate":"https:\/\/www.nanox.vision\/es\/?s={search_term_string}"},"query-input":{"@type":"PropertyValueSpecification","valueRequired":true,"valueName":"search_term_string"}}],"inLanguage":"es"},{"@type":"Organization","@id":"https:\/\/www.nanox.vision\/es\/#organization","name":"Nanox","url":"https:\/\/www.nanox.vision\/es\/","logo":{"@type":"ImageObject","inLanguage":"es","@id":"https:\/\/www.nanox.vision\/es\/#\/schema\/logo\/image\/","url":"https:\/\/www.nanox.vision\/wp-content\/uploads\/2024\/10\/nanox-logo.png","contentUrl":"https:\/\/www.nanox.vision\/wp-content\/uploads\/2024\/10\/nanox-logo.png","width":153,"height":141,"caption":"Nanox"},"image":{"@id":"https:\/\/www.nanox.vision\/es\/#\/schema\/logo\/image\/"},"sameAs":["https:\/\/www.facebook.com\/NanoxVision\/","https:\/\/x.com\/nanox_vision"]}]}},"_links":{"self":[{"href":"https:\/\/www.nanox.vision\/es\/wp-json\/wp\/v2\/pages\/4227","targetHints":{"allow":["GET"]}}],"collection":[{"href":"https:\/\/www.nanox.vision\/es\/wp-json\/wp\/v2\/pages"}],"about":[{"href":"https:\/\/www.nanox.vision\/es\/wp-json\/wp\/v2\/types\/page"}],"author":[{"embeddable":true,"href":"https:\/\/www.nanox.vision\/es\/wp-json\/wp\/v2\/users\/1"}],"replies":[{"embeddable":true,"href":"https:\/\/www.nanox.vision\/es\/wp-json\/wp\/v2\/comments?post=4227"}],"version-history":[{"count":1,"href":"https:\/\/www.nanox.vision\/es\/wp-json\/wp\/v2\/pages\/4227\/revisions"}],"predecessor-version":[{"id":4454,"href":"https:\/\/www.nanox.vision\/es\/wp-json\/wp\/v2\/pages\/4227\/revisions\/4454"}],"wp:attachment":[{"href":"https:\/\/www.nanox.vision\/es\/wp-json\/wp\/v2\/media?parent=4227"}],"curies":[{"name":"wp","href":"https:\/\/api.w.org\/{rel}","templated":true}]}}